{"id":7,"date":"2020-08-28T11:26:30","date_gmt":"2020-08-28T14:26:30","guid":{"rendered":"http:\/\/170.210.81.163\/fain\/?page_id=7"},"modified":"2026-02-01T23:22:29","modified_gmt":"2026-02-02T02:22:29","slug":"inicio","status":"publish","type":"page","link":"https:\/\/fainweb.uncoma.edu.ar\/","title":{"rendered":"Inicio"},"content":{"rendered":"<p><div class=\"fusion-fullwidth fullwidth-box fusion-builder-row-1 fusion-flex-container has-pattern-background has-mask-background nonhundred-percent-fullwidth non-hundred-percent-height-scrolling\" style=\"--awb-border-radius-top-left:0px;--awb-border-radius-top-right:0px;--awb-border-radius-bottom-right:0px;--awb-border-radius-bottom-left:0px;--awb-padding-top:0px;--awb-padding-right:0px;--awb-padding-bottom:0px;--awb-padding-left:0px;--awb-margin-top:0px;--awb-margin-bottom:0px;--awb-background-color:#0b5751;--awb-flex-wrap:wrap;\" ><div class=\"fusion-builder-row fusion-row fusion-flex-align-items-flex-start fusion-flex-content-wrap\" style=\"max-width:1248px;margin-left: calc(-4% \/ 2 );margin-right: calc(-4% \/ 2 );\"><div class=\"fusion-layout-column fusion_builder_column fusion-builder-column-0 fusion_builder_column_1_6 1_6 fusion-flex-column\" style=\"--awb-bg-size:cover;--awb-width-large:16.666666666667%;--awb-margin-top-large:0px;--awb-spacing-right-large:11.52%;--awb-margin-bottom-large:20px;--awb-spacing-left-large:11.52%;--awb-width-medium:16.666666666667%;--awb-order-medium:0;--awb-spacing-right-medium:11.52%;--awb-spacing-left-medium:11.52%;--awb-width-small:100%;--awb-order-small:0;--awb-spacing-right-small:1.92%;--awb-spacing-left-small:1.92%;\"><div class=\"fusion-column-wrapper fusion-column-has-shadow fusion-flex-justify-content-flex-start fusion-content-layout-column\"><\/div><\/div><div class=\"fusion-layout-column fusion_builder_column fusion-builder-column-1 fusion_builder_column_2_3 2_3 fusion-flex-column\" style=\"--awb-bg-size:cover;--awb-width-large:66.666666666667%;--awb-margin-top-large:0px;--awb-spacing-right-large:2.88%;--awb-margin-bottom-large:0px;--awb-spacing-left-large:2.88%;--awb-width-medium:66.666666666667%;--awb-order-medium:0;--awb-spacing-right-medium:2.88%;--awb-spacing-left-medium:2.88%;--awb-width-small:100%;--awb-order-small:0;--awb-spacing-right-small:1.92%;--awb-spacing-left-small:1.92%;\"><div class=\"fusion-column-wrapper fusion-column-has-shadow fusion-flex-justify-content-flex-start fusion-content-layout-column\"><div class=\"fusion-text fusion-text-1 text-white\" style=\"--awb-content-alignment:center;--awb-text-color:#ffffff;\"><p><span style=\"font-size: 14pt;\">\u00a1ATENCI\u00d3N! <strong>INGRESO 2026 <\/strong><strong>\u27a1 <a href=\"https:\/\/fainweb.uncoma.edu.ar\/index.php\/inicio\/attachment\/instructivo-ingreso-2026-fain-unco\/\" rel=\"attachment wp-att-4800\">Instructivo INGRESO 2026 \u2013 FAIN, UNCo<\/a><\/strong><\/span><\/p>\n<\/div><\/div><\/div><div class=\"fusion-layout-column fusion_builder_column fusion-builder-column-2 fusion_builder_column_1_6 1_6 fusion-flex-column\" style=\"--awb-bg-size:cover;--awb-width-large:16.666666666667%;--awb-margin-top-large:0px;--awb-spacing-right-large:11.52%;--awb-margin-bottom-large:20px;--awb-spacing-left-large:11.52%;--awb-width-medium:16.666666666667%;--awb-order-medium:0;--awb-spacing-right-medium:11.52%;--awb-spacing-left-medium:11.52%;--awb-width-small:100%;--awb-order-small:0;--awb-spacing-right-small:1.92%;--awb-spacing-left-small:1.92%;\"><div class=\"fusion-column-wrapper fusion-column-has-shadow fusion-flex-justify-content-flex-start fusion-content-layout-column\"><\/div><\/div><\/div><\/div><div class=\"fusion-fullwidth fullwidth-box fusion-builder-row-2 fusion-flex-container nonhundred-percent-fullwidth non-hundred-percent-height-scrolling\" style=\"--awb-border-radius-top-left:0px;--awb-border-radius-top-right:0px;--awb-border-radius-bottom-right:0px;--awb-border-radius-bottom-left:0px;--awb-padding-bottom:8%;--awb-background-color:#286090;--awb-flex-wrap:wrap;\" ><div class=\"fusion-builder-row fusion-row fusion-flex-align-items-flex-start fusion-flex-justify-content-space-around fusion-flex-content-wrap\" style=\"max-width:1248px;margin-left: calc(-4% \/ 2 );margin-right: calc(-4% \/ 2 );\"><div class=\"fusion-layout-column fusion_builder_column fusion-builder-column-3 fusion-flex-column\" style=\"--awb-padding-top:8%;--awb-bg-size:cover;--awb-width-large:60%;--awb-margin-top-large:0px;--awb-spacing-right-large:0px;--awb-margin-bottom-large:20px;--awb-spacing-left-large:0px;--awb-width-medium:60%;--awb-order-medium:0;--awb-spacing-right-medium:0px;--awb-spacing-left-medium:0px;--awb-width-small:100%;--awb-order-small:0;--awb-spacing-right-small:1.92%;--awb-spacing-left-small:1.92%;\"><div class=\"fusion-column-wrapper fusion-column-has-shadow fusion-flex-justify-content-flex-start fusion-content-layout-column\"><div class=\"fusion-text fusion-text-2 text-white\"><p><img decoding=\"async\" class=\"aligncenter wp-image-117\" style=\"font-size: 16px;\" src=\"http:\/\/fainweb.uncoma.edu.ar\/wp-content\/uploads\/2020\/08\/icon_logo.png\" alt=\"\" width=\"150\" height=\"148\" \/><\/p>\n<h2 class=\"text-white\" style=\"text-align: center;\">Educaci\u00f3n p\u00fablica y gratuita.<\/h2>\n<p style=\"text-align: center;\">M\u00e1s de 50 a\u00f1os formando profesionales para nuestra regi\u00f3n. La Facultad cuenta con un plantel de 300 docentes investigadores y extensionistas. Seis carreras de ingenier\u00eda, dos de profesorados y una licenciatura. Nuestra propuesta de posgrado dispone de dos doctorados, dos maestr\u00edas y dos especializaciones. En los 40 laboratorios y sus 3 Institutos de Bipertenencia UNCo \u2013 CONICET, se llevan adelante 45 proyectos de Investigaci\u00f3n y Extensi\u00f3n, y diversas actividades de transferencia tecnol\u00f3gica para el medio productivo y social. La Facultad de ingenier\u00eda pone a disposici\u00f3n su Infraestructura tecnol\u00f3gica al servicio de la educaci\u00f3n p\u00fablica y el desarrollo regional. Sumate!.<\/p>\n<\/div><\/div><\/div><div class=\"fusion-layout-column fusion_builder_column fusion-builder-column-4 fusion-flex-column\" style=\"--awb-padding-top:20%;--awb-bg-color:#0a4370;--awb-bg-color-hover:#0a4370;--awb-bg-size:cover;--awb-border-color:#3273a2;--awb-border-bottom:3px;--awb-border-style:solid;--awb-width-large:30%;--awb-margin-top-large:0px;--awb-spacing-right-large:6.4%;--awb-margin-bottom-large:20px;--awb-spacing-left-large:6.4%;--awb-width-medium:30%;--awb-order-medium:0;--awb-spacing-right-medium:6.4%;--awb-spacing-left-medium:6.4%;--awb-width-small:100%;--awb-order-small:0;--awb-spacing-right-small:1.92%;--awb-spacing-left-small:1.92%;\"><div class=\"fusion-column-wrapper fusion-column-has-shadow fusion-flex-justify-content-flex-start fusion-content-layout-column\"><nav class=\"awb-menu awb-menu_column awb-menu_em-hover mobile-mode-always-expanded awb-menu_icons-left awb-menu_dc-yes mobile-trigger-fullwidth-off awb-menu_mobile-toggle awb-menu_indent-left loading mega-menu-loading awb-menu_desktop awb-menu_dropdown awb-menu_expand-right awb-menu_transition-fade menu-about\" style=\"--awb-text-transform:none;--awb-min-height:580px;--awb-items-padding-top:12px;--awb-items-padding-right:10px;--awb-items-padding-bottom:12px;--awb-items-padding-left:15px;--awb-border-color:rgba(0,0,0,0.2);--awb-border-bottom:1px;--awb-color:#ffffff;--awb-active-color:#dddddd;--awb-active-border-bottom:1px;--awb-active-border-color:rgba(0,0,0,0.2);--awb-submenu-text-transform:none;--awb-main-justify-content:flex-start;--awb-mobile-nav-items-height:107;--awb-mobile-justify:flex-start;--awb-mobile-caret-left:auto;--awb-mobile-caret-right:0;--awb-fusion-font-family-typography:inherit;--awb-fusion-font-style-typography:normal;--awb-fusion-font-weight-typography:400;--awb-fusion-font-family-submenu-typography:inherit;--awb-fusion-font-style-submenu-typography:normal;--awb-fusion-font-weight-submenu-typography:400;--awb-fusion-font-family-mobile-typography:inherit;--awb-fusion-font-style-mobile-typography:normal;--awb-fusion-font-weight-mobile-typography:400;\" aria-label=\"Menu About\" data-breakpoint=\"1024\" data-count=\"0\" data-transition-type=\"fade\" data-transition-time=\"300\" data-expand=\"right\"><button type=\"button\" class=\"awb-menu__m-toggle awb-menu__m-toggle_no-text\" aria-expanded=\"false\" aria-controls=\"menu-menu-about\"><span class=\"awb-menu__m-toggle-inner\"><span class=\"collapsed-nav-text\"><span class=\"screen-reader-text\">Toggle Navigation<\/span><\/span><span class=\"awb-menu__m-collapse-icon awb-menu__m-collapse-icon_no-text\"><span class=\"awb-menu__m-collapse-icon-open awb-menu__m-collapse-icon-open_no-text fa-bars fas\"><\/span><span class=\"awb-menu__m-collapse-icon-close awb-menu__m-collapse-icon-close_no-text fa-times fas\"><\/span><\/span><\/span><\/button><ul id=\"menu-menu-about\" class=\"fusion-menu awb-menu__main-ul awb-menu__main-ul_column\"><li  id=\"menu-item-109\"  class=\"menu-item menu-item-type-post_type menu-item-object-page menu-item-109 awb-menu__li awb-menu__main-li awb-menu__main-li_regular\"  data-item-id=\"109\"><span class=\"awb-menu__main-background-default awb-menu__main-background-default_fade\"><\/span><span class=\"awb-menu__main-background-active awb-menu__main-background-active_fade\"><\/span><a  href=\"https:\/\/fainweb.uncoma.edu.ar\/index.php\/estudiantes\/\" class=\"awb-menu__main-a awb-menu__main-a_regular\"><span class=\"menu-text\">Estudiantes<\/span><\/a><\/li><li  id=\"menu-item-110\"  class=\"menu-item menu-item-type-post_type menu-item-object-page menu-item-110 awb-menu__li awb-menu__main-li awb-menu__main-li_regular\"  data-item-id=\"110\"><span class=\"awb-menu__main-background-default awb-menu__main-background-default_fade\"><\/span><span class=\"awb-menu__main-background-active awb-menu__main-background-active_fade\"><\/span><a  href=\"https:\/\/fainweb.uncoma.edu.ar\/index.php\/personasgraduadas\/\" class=\"awb-menu__main-a awb-menu__main-a_regular\"><span class=\"menu-text\">Profesionales FAIN<\/span><\/a><\/li><li  id=\"menu-item-526\"  class=\"menu-item menu-item-type-post_type menu-item-object-post menu-item-526 awb-menu__li awb-menu__main-li awb-menu__main-li_regular\"  data-item-id=\"526\"><span class=\"awb-menu__main-background-default awb-menu__main-background-default_fade\"><\/span><span class=\"awb-menu__main-background-active awb-menu__main-background-active_fade\"><\/span><a  href=\"https:\/\/fainweb.uncoma.edu.ar\/index.php\/academica\/ingreso-y-permanencia\/\" class=\"awb-menu__main-a awb-menu__main-a_regular\"><span class=\"menu-text\">Ingresantes<\/span><\/a><\/li><li  id=\"menu-item-111\"  class=\"menu-item menu-item-type-post_type menu-item-object-page menu-item-111 awb-menu__li awb-menu__main-li awb-menu__main-li_regular\"  data-item-id=\"111\"><span class=\"awb-menu__main-background-default awb-menu__main-background-default_fade\"><\/span><span class=\"awb-menu__main-background-active awb-menu__main-background-active_fade\"><\/span><a  href=\"https:\/\/fainweb.uncoma.edu.ar\/index.php\/vinculacion-tecnologica\/\" class=\"awb-menu__main-a awb-menu__main-a_regular\"><span class=\"menu-text\">Transferencia y Vinculaci\u00f3n Tecnol\u00f3gica<\/span><\/a><\/li><li  id=\"menu-item-114\"  class=\"menu-item menu-item-type-taxonomy menu-item-object-category menu-item-114 awb-menu__li awb-menu__main-li awb-menu__main-li_regular\"  data-item-id=\"114\"><span class=\"awb-menu__main-background-default awb-menu__main-background-default_fade\"><\/span><span class=\"awb-menu__main-background-active awb-menu__main-background-active_fade\"><\/span><a  href=\"https:\/\/fainweb.uncoma.edu.ar\/index.php\/categoria\/novedades\/\" class=\"awb-menu__main-a awb-menu__main-a_regular\"><span class=\"menu-text\">Novedades<\/span><\/a><\/li><li  id=\"menu-item-525\"  class=\"menu-item menu-item-type-post_type menu-item-object-page menu-item-525 awb-menu__li awb-menu__main-li awb-menu__main-li_regular\"  data-item-id=\"525\"><span class=\"awb-menu__main-background-default awb-menu__main-background-default_fade\"><\/span><span class=\"awb-menu__main-background-active awb-menu__main-background-active_fade\"><\/span><a  href=\"https:\/\/fainweb.uncoma.edu.ar\/index.php\/oferta-academica\/\" class=\"awb-menu__main-a awb-menu__main-a_regular\"><span class=\"menu-text\">Carreras<\/span><\/a><\/li><li  id=\"menu-item-527\"  class=\"menu-item menu-item-type-post_type menu-item-object-post menu-item-527 awb-menu__li awb-menu__main-li awb-menu__main-li_regular\"  data-item-id=\"527\"><span class=\"awb-menu__main-background-default awb-menu__main-background-default_fade\"><\/span><span class=\"awb-menu__main-background-active awb-menu__main-background-active_fade\"><\/span><a  href=\"https:\/\/fainweb.uncoma.edu.ar\/index.php\/administracion\/protocolos-covid19\/\" class=\"awb-menu__main-a awb-menu__main-a_regular\"><span class=\"menu-text\">Protocolos y Recomendaciones para Actividades Presenciales<\/span><\/a><\/li><li  id=\"menu-item-989\"  class=\"menu-item menu-item-type-post_type menu-item-object-page menu-item-989 awb-menu__li awb-menu__main-li awb-menu__main-li_regular\"  data-item-id=\"989\"><span class=\"awb-menu__main-background-default awb-menu__main-background-default_fade\"><\/span><span class=\"awb-menu__main-background-active awb-menu__main-background-active_fade\"><\/span><a  href=\"https:\/\/fainweb.uncoma.edu.ar\/index.php\/jornadas\/\" class=\"awb-menu__main-a awb-menu__main-a_regular\"><span class=\"menu-text\">Jornadas<\/span><\/a><\/li><\/ul><\/nav><\/div><\/div><\/div><\/div><\/p>\n","protected":false},"excerpt":{"rendered":"","protected":false},"author":1,"featured_media":0,"parent":0,"menu_order":0,"comment_status":"closed","ping_status":"closed","template":"","meta":{"_acf_changed":false,"footnotes":""},"class_list":["post-7","page","type-page","status-publish","hentry"],"acf":[],"_links":{"self":[{"href":"https:\/\/fainweb.uncoma.edu.ar\/index.php\/wp-json\/wp\/v2\/pages\/7","targetHints":{"allow":["GET"]}}],"collection":[{"href":"https:\/\/fainweb.uncoma.edu.ar\/index.php\/wp-json\/wp\/v2\/pages"}],"about":[{"href":"https:\/\/fainweb.uncoma.edu.ar\/index.php\/wp-json\/wp\/v2\/types\/page"}],"author":[{"embeddable":true,"href":"https:\/\/fainweb.uncoma.edu.ar\/index.php\/wp-json\/wp\/v2\/users\/1"}],"replies":[{"embeddable":true,"href":"https:\/\/fainweb.uncoma.edu.ar\/index.php\/wp-json\/wp\/v2\/comments?post=7"}],"version-history":[{"count":85,"href":"https:\/\/fainweb.uncoma.edu.ar\/index.php\/wp-json\/wp\/v2\/pages\/7\/revisions"}],"predecessor-version":[{"id":4805,"href":"https:\/\/fainweb.uncoma.edu.ar\/index.php\/wp-json\/wp\/v2\/pages\/7\/revisions\/4805"}],"wp:attachment":[{"href":"https:\/\/fainweb.uncoma.edu.ar\/index.php\/wp-json\/wp\/v2\/media?parent=7"}],"curies":[{"name":"wp","href":"https:\/\/api.w.org\/{rel}","templated":true}]}}