{"id":523,"date":"2020-08-31T13:34:06","date_gmt":"2020-08-31T16:34:06","guid":{"rendered":"http:\/\/170.210.81.163\/fain\/?page_id=523"},"modified":"2020-09-18T10:20:05","modified_gmt":"2020-09-18T13:20:05","slug":"oferta-academica","status":"publish","type":"page","link":"https:\/\/fainweb.uncoma.edu.ar\/index.php\/oferta-academica\/","title":{"rendered":"Oferta Acad\u00e9mica"},"content":{"rendered":"<div class=\"fusion-fullwidth fullwidth-box fusion-builder-row-1 fusion-flex-container fusion-parallax-none nonhundred-percent-fullwidth non-hundred-percent-height-scrolling oferta-academica\" style=\"--awb-border-radius-top-left:0px;--awb-border-radius-top-right:0px;--awb-border-radius-bottom-right:0px;--awb-border-radius-bottom-left:0px;--awb-padding-top:2%;--awb-padding-right:10%;--awb-padding-bottom:10%;--awb-padding-left:10%;--awb-padding-top-small:2%;--awb-padding-right-small:0px;--awb-padding-bottom-small:10%;--awb-padding-left-small:0px;--awb-background-image:linear-gradient(180deg, rgba(0,0,0,0.69) 0%,rgba(0,0,0,0.69) 100%),url(http:\/\/fainweb.uncoma.edu.ar\/wp-content\/uploads\/2020\/08\/fonto.png);;--awb-background-size:cover;--awb-flex-wrap:wrap;\" ><div class=\"fusion-builder-row fusion-row fusion-flex-align-items-flex-start fusion-flex-justify-content-center fusion-flex-content-wrap\" style=\"max-width:1248px;margin-left: calc(-4% \/ 2 );margin-right: calc(-4% \/ 2 );\"><div class=\"fusion-layout-column fusion_builder_column fusion-builder-column-0 fusion_builder_column_1_1 1_1 fusion-flex-column\" style=\"--awb-padding-right:80px;--awb-padding-left:80px;--awb-padding-right-small:50px;--awb-padding-left-small:50px;--awb-bg-size:cover;--awb-width-large:100%;--awb-margin-top-large:0px;--awb-spacing-right-large:1.92%;--awb-margin-bottom-large:20px;--awb-spacing-left-large:1.92%;--awb-width-medium:100%;--awb-order-medium:0;--awb-spacing-right-medium:1.92%;--awb-spacing-left-medium:1.92%;--awb-width-small:100%;--awb-order-small:0;--awb-spacing-right-small:1.92%;--awb-spacing-left-small:1.92%;\"><div class=\"fusion-column-wrapper fusion-column-has-shadow fusion-flex-justify-content-flex-start fusion-content-layout-column\"><div class=\"fusion-text fusion-text-1\"><p><div class=\"oferta\"><h2>Oferta Acad\u00e9mica<\/h2><p>M\u00e1s de 50 a\u00f1os formando profesionales para nuestra regi\u00f3n. La Facultad cuenta con un plantel de 300 docentes investigadores y extensionistas. Seis carreras de ingenier\u00eda, dos de profesorados y una licenciatura. Nuestra propuesta de posgrado dispone de dos doctorados, dos maestr\u00edas y dos especializaciones. En los 40 laboratorios y sus 3 Institutos de Bipertenencia UNCo \u2013 CONICET, se llevan adelante 45 proyectos de Investigaci\u00f3n y Extensi\u00f3n, y diversas actividades de transferencia tecnol\u00f3gica para el medio productivo y social. La Facultad de ingenier\u00eda pone a disposici\u00f3n su Infraestructura tecnol\u00f3gica al servicio de la educaci\u00f3n p\u00fablica y el desarrollo regional. Sumate!.<\/p><\/div>\n<nav class=\"bellows-nav\"><ul>\n<li id=\"menu-item--3488\" class=\"menu-item-3488 item-level-0\"><\/li>\n<li id=\"menu-item--3424\" class=\"menu-item-3424 item-level-0\"><\/li>\n<li id=\"menu-item--3462\" class=\"menu-item-3462 item-level-0\"><\/li>\n<li id=\"menu-item--3508\" class=\"menu-item-3508 item-level-0\"><\/li>\n<li id=\"menu-item--1753\" class=\"menu-item-1753 item-level-0\"><\/li>\n<li id=\"menu-item--3615\" class=\"menu-item-3615 item-level-0\"><\/li>\n<li id=\"menu-item--1355\" class=\"menu-item-1355 item-level-0\"><\/li>\n<li id=\"menu-item--101\" class=\"menu-item-101 item-level-0\"><\/li>\n<li id=\"menu-item--3612\" class=\"menu-item-3612 item-level-0\"><\/li>\n<li id=\"menu-item--3619\" class=\"menu-item-3619 item-level-0\"><\/li>\n<li id=\"menu-item--3555\" class=\"menu-item-3555 item-level-0\"><\/li>\n<li id=\"menu-item--3431\" class=\"menu-item-3431 item-level-0\"><\/li>\n<li id=\"menu-item--3492\" class=\"menu-item-3492 item-level-0\"><\/li>\n<li id=\"menu-item--3498\" class=\"menu-item-3498 item-level-0\"><\/li>\n<li id=\"menu-item--3428\" class=\"menu-item-3428 item-level-0\"><\/li>\n<li id=\"menu-item--4255\" class=\"menu-item-4255 item-level-0\"><\/li>\n<li id=\"menu-item--3420\" class=\"menu-item-3420 item-level-0\"><\/li>\n<li id=\"menu-item--3818\" class=\"menu-item-3818 item-level-0\"><\/li>\n<li id=\"menu-item--7\" class=\"menu-item-7 item-level-0\"><\/li>\n<li id=\"menu-item--941\" class=\"menu-item-941 item-level-0\"><\/li>\n<li id=\"menu-item--3501\" class=\"menu-item-3501 item-level-0\"><\/li>\n<li id=\"menu-item--3629\" class=\"menu-item-3629 item-level-0\"><\/li>\n<li id=\"menu-item--3455\" class=\"menu-item-3455 item-level-0\"><\/li>\n<li id=\"menu-item--3495\" class=\"menu-item-3495 item-level-0\"><\/li>\n<li id=\"menu-item--3435\" class=\"menu-item-3435 item-level-0\"><\/li>\n<li id=\"menu-item--3576\" class=\"menu-item-3576 item-level-0\"><\/li>\n<li id=\"menu-item--3504\" class=\"menu-item-3504 item-level-0\"><\/li>\n<li id=\"menu-item--3693\" class=\"menu-item-3693 item-level-0\"><\/li>\n<li id=\"menu-item--1070\" class=\"menu-item-1070 item-level-0\"><\/li>\n<li id=\"menu-item--10\" class=\"menu-item-10 item-level-0\"><\/li>\n<li id=\"menu-item--523\" class=\"menu-item-523 item-level-0\"><\/li>\n<li id=\"menu-item--340\" class=\"menu-item-340 item-level-0\"><\/li>\n<li id=\"menu-item--446\" class=\"menu-item-446 item-level-0\"><\/li>\n<li id=\"menu-item--2\" class=\"menu-item-2 item-level-0\"><\/li>\n<li id=\"menu-item--103\" class=\"menu-item-103 item-level-0\"><\/li>\n<li id=\"menu-item--3883\" class=\"menu-item-3883 item-level-0\"><\/li>\n<li id=\"menu-item--3518\" class=\"menu-item-3518 item-level-0\"><\/li>\n<li id=\"menu-item--2605\" class=\"menu-item-2605 item-level-0\"><\/li>\n<li id=\"menu-item--1706\" class=\"menu-item-1706 item-level-0\"><\/li>\n<li id=\"menu-item--4807\" class=\"menu-item-4807 item-level-0\"><\/li>\n<li id=\"menu-item--105\" class=\"menu-item-105 item-level-0\"><\/li>\n<\/ul><\/nav>\n<\/p>\n<\/div><\/div><\/div><\/div><\/div>\n","protected":false},"excerpt":{"rendered":"","protected":false},"author":1,"featured_media":0,"parent":0,"menu_order":0,"comment_status":"closed","ping_status":"closed","template":"100-width.php","meta":{"_acf_changed":false,"footnotes":""},"class_list":["post-523","page","type-page","status-publish","hentry"],"acf":[],"_links":{"self":[{"href":"https:\/\/fainweb.uncoma.edu.ar\/index.php\/wp-json\/wp\/v2\/pages\/523","targetHints":{"allow":["GET"]}}],"collection":[{"href":"https:\/\/fainweb.uncoma.edu.ar\/index.php\/wp-json\/wp\/v2\/pages"}],"about":[{"href":"https:\/\/fainweb.uncoma.edu.ar\/index.php\/wp-json\/wp\/v2\/types\/page"}],"author":[{"embeddable":true,"href":"https:\/\/fainweb.uncoma.edu.ar\/index.php\/wp-json\/wp\/v2\/users\/1"}],"replies":[{"embeddable":true,"href":"https:\/\/fainweb.uncoma.edu.ar\/index.php\/wp-json\/wp\/v2\/comments?post=523"}],"version-history":[{"count":12,"href":"https:\/\/fainweb.uncoma.edu.ar\/index.php\/wp-json\/wp\/v2\/pages\/523\/revisions"}],"predecessor-version":[{"id":1140,"href":"https:\/\/fainweb.uncoma.edu.ar\/index.php\/wp-json\/wp\/v2\/pages\/523\/revisions\/1140"}],"wp:attachment":[{"href":"https:\/\/fainweb.uncoma.edu.ar\/index.php\/wp-json\/wp\/v2\/media?parent=523"}],"curies":[{"name":"wp","href":"https:\/\/api.w.org\/{rel}","templated":true}]}}