{"id":3818,"date":"2023-10-27T10:58:15","date_gmt":"2023-10-27T13:58:15","guid":{"rendered":"https:\/\/fainweb.uncoma.edu.ar\/?page_id=3818"},"modified":"2025-10-09T09:04:13","modified_gmt":"2025-10-09T12:04:13","slug":"ingresantes-2025","status":"publish","type":"page","link":"https:\/\/fainweb.uncoma.edu.ar\/index.php\/ingresantes-2025\/","title":{"rendered":"INGRESANTES 2026"},"content":{"rendered":"<p><span style=\"background-color: #ccffcc;\">IMPORTANTE INGRESO 2026\u00a0<\/span><\/p>\n<p><em>Se comunica a todas las personas interesadas en inscribirse en las carreras de nuestra facultad que para el ciclo 2026 las inscripciones se habilitar\u00e1n <strong>a partir del 1\/2\/2026<\/strong>. No se habilitar\u00e1 el per\u00edodo de inscripci\u00f3n en noviembre-diciembre de 2025, como es habitual.<\/em><\/p>\n<p><strong>Encontr\u00e1 toda la info ac\u00e1 \u27a1 <a href=\"https:\/\/fainweb.uncoma.edu.ar\/wp-content\/uploads\/2020\/08\/Instructivo-INGRESO-2026-FAIN-UNCo.docx.pdf\" rel=\"attachment noopener wp-att-4708\" target=\"_blank\">Instructivo INGRESO 2026 &#8211; FAIN, UNCo<\/a><\/strong><\/p>\n<p>\ud83d\udc65<span style=\"background-color: #ccffff;\">\u00a0<\/span><strong><span style=\"background-color: #ccffff;\"><a href=\"https:\/\/fainweb.uncoma.edu.ar\/index.php\/sin-categoria\/tep-tutorias-entre-pares\/\" target=\"_blank\" style=\"background-color: #ccffff;\" rel=\"noopener\">Tutor\u00edas Entre Pares<\/a><\/span><\/strong><\/p>\n<p>&nbsp;<\/p>\n<p><strong style=\"background-color: #ffffba;\">Informaci\u00f3n \u00fatil<\/strong><\/p>\n<p>\ud83d\udccd Mapa de Aulas &gt; <a href=\"https:\/\/drive.google.com\/file\/d\/1FZXr_skGSaEu5n2E0DORdPZ2d_LrpmsV\/view\" target=\"_blank\" rel=\"noopener\">Miralo ac\u00e1<\/a><br \/>\n\ud83d\udcc4 <a href=\"https:\/\/fainweb.uncoma.edu.ar\/index.php\/oferta-academica\/\" target=\"_blank\" rel=\"noopener\">Planes de Estudio<\/a><\/p>\n","protected":false},"excerpt":{"rendered":"<p>IMPORTANTE INGRESO 2026\u00a0 Se comunica a todas las personas interesadas  [&#8230;]<\/p>\n","protected":false},"author":10,"featured_media":0,"parent":0,"menu_order":0,"comment_status":"closed","ping_status":"closed","template":"","meta":{"_acf_changed":false,"footnotes":""},"class_list":["post-3818","page","type-page","status-publish","hentry"],"acf":[],"_links":{"self":[{"href":"https:\/\/fainweb.uncoma.edu.ar\/index.php\/wp-json\/wp\/v2\/pages\/3818","targetHints":{"allow":["GET"]}}],"collection":[{"href":"https:\/\/fainweb.uncoma.edu.ar\/index.php\/wp-json\/wp\/v2\/pages"}],"about":[{"href":"https:\/\/fainweb.uncoma.edu.ar\/index.php\/wp-json\/wp\/v2\/types\/page"}],"author":[{"embeddable":true,"href":"https:\/\/fainweb.uncoma.edu.ar\/index.php\/wp-json\/wp\/v2\/users\/10"}],"replies":[{"embeddable":true,"href":"https:\/\/fainweb.uncoma.edu.ar\/index.php\/wp-json\/wp\/v2\/comments?post=3818"}],"version-history":[{"count":11,"href":"https:\/\/fainweb.uncoma.edu.ar\/index.php\/wp-json\/wp\/v2\/pages\/3818\/revisions"}],"predecessor-version":[{"id":4743,"href":"https:\/\/fainweb.uncoma.edu.ar\/index.php\/wp-json\/wp\/v2\/pages\/3818\/revisions\/4743"}],"wp:attachment":[{"href":"https:\/\/fainweb.uncoma.edu.ar\/index.php\/wp-json\/wp\/v2\/media?parent=3818"}],"curies":[{"name":"wp","href":"https:\/\/api.w.org\/{rel}","templated":true}]}}