{"id":3693,"date":"2023-08-16T09:47:33","date_gmt":"2023-08-16T12:47:33","guid":{"rendered":"https:\/\/fainweb.uncoma.edu.ar\/?page_id=3693"},"modified":"2023-08-16T09:47:33","modified_gmt":"2023-08-16T12:47:33","slug":"laboratorio-de-sistemas-digitales-inteligentes","status":"publish","type":"page","link":"https:\/\/fainweb.uncoma.edu.ar\/index.php\/laboratorio-de-sistemas-digitales-inteligentes\/","title":{"rendered":"LABORATORIO DE SISTEMAS DIGITALES INTELIGENTES"},"content":{"rendered":"<p><img decoding=\"async\" src=\"http:\/\/fainweb.uncoma.edu.ar\/wp-content\/uploads\/2021\/10\/icono02.png\" alt=\"\" width=\"200\" height=\"200\" class=\"alignnone size-full wp-image-2132\" srcset=\"https:\/\/fainweb.uncoma.edu.ar\/wp-content\/uploads\/2021\/10\/icono02-66x66.png 66w, https:\/\/fainweb.uncoma.edu.ar\/wp-content\/uploads\/2021\/10\/icono02-150x150.png 150w, https:\/\/fainweb.uncoma.edu.ar\/wp-content\/uploads\/2021\/10\/icono02.png 200w\" sizes=\"(max-width: 200px) 100vw, 200px\" \/>\u00a0 \u00a0 <img decoding=\"async\" src=\"http:\/\/fainweb.uncoma.edu.ar\/wp-content\/uploads\/2021\/10\/icono03-2.png\" alt=\"\" width=\"200\" height=\"200\" class=\"alignnone size-full wp-image-2109\" srcset=\"https:\/\/fainweb.uncoma.edu.ar\/wp-content\/uploads\/2021\/10\/icono03-2-66x66.png 66w, https:\/\/fainweb.uncoma.edu.ar\/wp-content\/uploads\/2021\/10\/icono03-2-150x150.png 150w, https:\/\/fainweb.uncoma.edu.ar\/wp-content\/uploads\/2021\/10\/icono03-2.png 200w\" sizes=\"(max-width: 200px) 100vw, 200px\" \/>\u00a0 \u00a0 <img decoding=\"async\" src=\"http:\/\/fainweb.uncoma.edu.ar\/wp-content\/uploads\/2021\/11\/icono05.png\" alt=\"\" width=\"200\" height=\"200\" class=\"alignnone size-full wp-image-2144\" srcset=\"https:\/\/fainweb.uncoma.edu.ar\/wp-content\/uploads\/2021\/11\/icono05-66x66.png 66w, https:\/\/fainweb.uncoma.edu.ar\/wp-content\/uploads\/2021\/11\/icono05-150x150.png 150w, https:\/\/fainweb.uncoma.edu.ar\/wp-content\/uploads\/2021\/11\/icono05.png 200w\" sizes=\"(max-width: 200px) 100vw, 200px\" \/><\/p>\n<p style=\"text-align: center;\"><span style=\"font-size: 14pt;\"><strong><span style=\"font-family: verdana, geneva, sans-serif;\">LABORATORIO DE SISTEMAS DIGITALES INTELIGENTES<\/span><\/strong><\/span><\/p>\n<p><strong><span style=\"font-family: verdana, geneva, sans-serif;\">Breve descripci\u00f3n de las actividades que desarrolla el grupo:<\/span><\/strong><\/p>\n<p><span style=\"font-family: verdana, geneva, sans-serif;\">La l\u00ednea principal de trabajo del grupo se enfoca en el dise\u00f1o y utilizaci\u00f3n de hardware a medida y sistemas embebidos para la automatizaci\u00f3n y el control de procesos industriales de diferentes escalas, o para el prototipado de sistemas digitales multiprop\u00f3sito. En este sentido, los servicios principales a ofrecer son los siguientes:<\/span><\/p>\n<p><span style=\"font-family: verdana, geneva, sans-serif;\">\u25aaAsesoramiento y cursos de capacitaci\u00f3n acerca de microcontroladores, sistemas embebidos y sus herramientas asociadas.<\/span><br \/>\n<span style=\"font-family: verdana, geneva, sans-serif;\">\u25aa Dise\u00f1o de hardware y software a medida para medici\u00f3n, control y automatizaci\u00f3n de procesos. <\/span><br \/>\n<span style=\"font-family: verdana, geneva, sans-serif;\">\u25aa Asesoramiento y generaci\u00f3n de prototipos para testeo y producci\u00f3n de sistemas digitales para m\u00faltiples prop\u00f3sitos.<\/span><br \/>\n<span style=\"font-family: verdana, geneva, sans-serif;\">\u25aa Integraci\u00f3n de sistemas funcionales y dise\u00f1o de sistemas on-chip anal\u00f3gicos y digitales.<\/span><\/p>\n<p><span style=\"font-family: verdana, geneva, sans-serif;\"><strong>Responsable T\u00e9cnico:<\/strong> Pablo Sanchez<\/span><br \/>\n<span style=\"font-family: verdana, geneva, sans-serif;\"><strong>Responsable Administrativo:<\/strong> Marcelo Moreyra<\/span><\/p>\n<p><strong><span style=\"font-family: verdana, geneva, sans-serif;\">Integrantes:<\/span><\/strong><br \/>\n<span style=\"font-family: verdana, geneva, sans-serif;\">Dr. Marcelo Moreyra<\/span><br \/>\n<span style=\"font-family: verdana, geneva, sans-serif;\">Ing. Pablo Sanchez<\/span><br \/>\n<span style=\"font-family: verdana, geneva, sans-serif;\">Ing. Esteban Saravia<\/span><br \/>\n<span style=\"font-family: verdana, geneva, sans-serif;\">Ing. Carlos Canal<\/span><\/p>\n<p><strong><span style=\"font-family: verdana, geneva, sans-serif;\">Proyectos de investigaci\u00f3n y\/o extensi\u00f3n vinculados al grupo:<\/span><\/strong><br \/>\n<span style=\"font-family: verdana, geneva, sans-serif;\">Estudio Num\u00e9rico Experimental de Estructuras y Materiales Complejos. Proyecto de <\/span><span style=\"font-family: verdana, geneva, sans-serif;\">Investigaci\u00f3n PIN 04\/I266. Integrante Ing. Carlos Canal<\/span><\/p>\n<p><span style=\"font-family: verdana, geneva, sans-serif;\">\u00abSistemas de visi\u00f3n, rob\u00f3tica y navegaci\u00f3n <\/span><span style=\"font-family: verdana, geneva, sans-serif;\">aut\u00f3noma de veh\u00edculos para la fruticultura digital\u00bb. Proyecto de Investigaci\u00f3n PIN 04\/I257. Codirector Dr. Marcelo Moreyra.<\/span><\/p>\n<p><strong><span style=\"font-family: verdana, geneva, sans-serif;\">Contacto:<\/span><\/strong><br \/>\n<span style=\"font-family: verdana, geneva, sans-serif;\">Pablo Sanchez: sanchezpablo.n@gmail.com<\/span><br \/>\n<span style=\"font-family: verdana, geneva, sans-serif;\">Moreyra Marcelo: marcelo.moreyra@fain.uncoma.edu.ar<\/span><br \/>\n<span style=\"font-family: verdana, geneva, sans-serif;\">Carlos Canal : carloscanal@yahoo.com.ar<\/span><br \/>\n<span style=\"font-family: verdana, geneva, sans-serif;\">Esteban Saravia: ingsaravia2@gmail.com<\/span><\/p>\n","protected":false},"excerpt":{"rendered":"<p>\u00a0 \u00a0 \u00a0 \u00a0 LABORATORIO DE SISTEMAS DIGITALES INTELIGENTES Breve  [&#8230;]<\/p>\n","protected":false},"author":12,"featured_media":0,"parent":0,"menu_order":0,"comment_status":"closed","ping_status":"closed","template":"","meta":{"_acf_changed":false,"footnotes":""},"class_list":["post-3693","page","type-page","status-publish","hentry"],"acf":[],"_links":{"self":[{"href":"https:\/\/fainweb.uncoma.edu.ar\/index.php\/wp-json\/wp\/v2\/pages\/3693","targetHints":{"allow":["GET"]}}],"collection":[{"href":"https:\/\/fainweb.uncoma.edu.ar\/index.php\/wp-json\/wp\/v2\/pages"}],"about":[{"href":"https:\/\/fainweb.uncoma.edu.ar\/index.php\/wp-json\/wp\/v2\/types\/page"}],"author":[{"embeddable":true,"href":"https:\/\/fainweb.uncoma.edu.ar\/index.php\/wp-json\/wp\/v2\/users\/12"}],"replies":[{"embeddable":true,"href":"https:\/\/fainweb.uncoma.edu.ar\/index.php\/wp-json\/wp\/v2\/comments?post=3693"}],"version-history":[{"count":1,"href":"https:\/\/fainweb.uncoma.edu.ar\/index.php\/wp-json\/wp\/v2\/pages\/3693\/revisions"}],"predecessor-version":[{"id":3694,"href":"https:\/\/fainweb.uncoma.edu.ar\/index.php\/wp-json\/wp\/v2\/pages\/3693\/revisions\/3694"}],"wp:attachment":[{"href":"https:\/\/fainweb.uncoma.edu.ar\/index.php\/wp-json\/wp\/v2\/media?parent=3693"}],"curies":[{"name":"wp","href":"https:\/\/api.w.org\/{rel}","templated":true}]}}