{"id":3619,"date":"2023-06-30T12:47:16","date_gmt":"2023-06-30T15:47:16","guid":{"rendered":"https:\/\/fainweb.uncoma.edu.ar\/?page_id=3619"},"modified":"2023-06-30T12:47:16","modified_gmt":"2023-06-30T15:47:16","slug":"grupo-de-comunicaciones-y-eficiencia-energetica","status":"publish","type":"page","link":"https:\/\/fainweb.uncoma.edu.ar\/index.php\/grupo-de-comunicaciones-y-eficiencia-energetica\/","title":{"rendered":"GRUPO DE COMUNICACIONES Y EFICIENCIA ENERG\u00c9TICA"},"content":{"rendered":"<p><img decoding=\"async\" src=\"http:\/\/fainweb.uncoma.edu.ar\/wp-content\/uploads\/2021\/10\/icono02.png\" alt=\"\" width=\"200\" height=\"200\" class=\"alignnone size-full wp-image-2132\" srcset=\"https:\/\/fainweb.uncoma.edu.ar\/wp-content\/uploads\/2021\/10\/icono02-66x66.png 66w, https:\/\/fainweb.uncoma.edu.ar\/wp-content\/uploads\/2021\/10\/icono02-150x150.png 150w, https:\/\/fainweb.uncoma.edu.ar\/wp-content\/uploads\/2021\/10\/icono02.png 200w\" sizes=\"(max-width: 200px) 100vw, 200px\" \/>\u00a0 <img decoding=\"async\" src=\"http:\/\/fainweb.uncoma.edu.ar\/wp-content\/uploads\/2021\/10\/icono01-3.png\" alt=\"\" width=\"200\" height=\"200\" class=\"alignnone size-full wp-image-2117\" srcset=\"https:\/\/fainweb.uncoma.edu.ar\/wp-content\/uploads\/2021\/10\/icono01-3-66x66.png 66w, https:\/\/fainweb.uncoma.edu.ar\/wp-content\/uploads\/2021\/10\/icono01-3-150x150.png 150w, https:\/\/fainweb.uncoma.edu.ar\/wp-content\/uploads\/2021\/10\/icono01-3.png 200w\" sizes=\"(max-width: 200px) 100vw, 200px\" \/>\u00a0 <img decoding=\"async\" src=\"http:\/\/fainweb.uncoma.edu.ar\/wp-content\/uploads\/2021\/10\/icono03-2.png\" alt=\"\" width=\"200\" height=\"200\" class=\"alignnone size-full wp-image-2109\" srcset=\"https:\/\/fainweb.uncoma.edu.ar\/wp-content\/uploads\/2021\/10\/icono03-2-66x66.png 66w, https:\/\/fainweb.uncoma.edu.ar\/wp-content\/uploads\/2021\/10\/icono03-2-150x150.png 150w, https:\/\/fainweb.uncoma.edu.ar\/wp-content\/uploads\/2021\/10\/icono03-2.png 200w\" sizes=\"(max-width: 200px) 100vw, 200px\" \/><img decoding=\"async\" src=\"http:\/\/fainweb.uncoma.edu.ar\/wp-content\/uploads\/2020\/08\/icono04.png\" alt=\"\" width=\"200\" height=\"200\" class=\"alignnone size-full wp-image-2254\" srcset=\"https:\/\/fainweb.uncoma.edu.ar\/wp-content\/uploads\/2020\/08\/icono04-66x66.png 66w, https:\/\/fainweb.uncoma.edu.ar\/wp-content\/uploads\/2020\/08\/icono04-150x150.png 150w, https:\/\/fainweb.uncoma.edu.ar\/wp-content\/uploads\/2020\/08\/icono04.png 200w\" sizes=\"(max-width: 200px) 100vw, 200px\" \/>\u00a0 <img decoding=\"async\" src=\"http:\/\/fainweb.uncoma.edu.ar\/wp-content\/uploads\/2021\/11\/icono05.png\" alt=\"\" width=\"200\" height=\"200\" class=\"alignnone size-full wp-image-2144\" srcset=\"https:\/\/fainweb.uncoma.edu.ar\/wp-content\/uploads\/2021\/11\/icono05-66x66.png 66w, https:\/\/fainweb.uncoma.edu.ar\/wp-content\/uploads\/2021\/11\/icono05-150x150.png 150w, https:\/\/fainweb.uncoma.edu.ar\/wp-content\/uploads\/2021\/11\/icono05.png 200w\" sizes=\"(max-width: 200px) 100vw, 200px\" \/><\/p>\n<p style=\"text-align: center;\"><span style=\"font-family: verdana, geneva, sans-serif; font-size: 14pt;\"><strong>GRUPO DE COMUNICACIONES Y EFICIENCIA ENERG\u00c9TICA<\/strong><\/span><\/p>\n<p><span style=\"font-family: verdana, geneva, sans-serif;\"><strong>Breve descripci\u00f3n de las actividades que desarrolla el grupo:<\/strong><\/span><\/p>\n<p><span style=\"font-family: verdana, geneva, sans-serif;\">Mediciones de RNI seg\u00fan Res 3690\/2004.<\/span><\/p>\n<p><span style=\"font-family: verdana, geneva, sans-serif;\">C\u00e1lculo de enlaces de radiofrecuencia.<\/span><\/p>\n<p><span style=\"font-family: verdana, geneva, sans-serif;\">Dise\u00f1o e implementaci\u00f3n de sistemas de monitoreo y control basados en Internet de las Cosas (IoT).<\/span><\/p>\n<p><span style=\"font-family: verdana, geneva, sans-serif;\">Auditor\u00eda t\u00e9cnica de redes de datos.<\/span><\/p>\n<p><span style=\"font-family: verdana, geneva, sans-serif;\">Asesoramiento y auditorias t\u00e9cnicas en TV Digital, Antenas, Estaciones de FM, Internet.<\/span><\/p>\n<p><span style=\"font-family: verdana, geneva, sans-serif;\">Fibra \u00d3ptica y equipos de Comunicaciones. Dise\u00f1o y an\u00e1lisis.<\/span><\/p>\n<p><span style=\"font-family: verdana, geneva, sans-serif;\">An\u00e1lisis de protocolos y tr\u00e1fico en redes de datos.<\/span><\/p>\n<p><span style=\"font-family: verdana, geneva, sans-serif;\">Dise\u00f1o y evaluaci\u00f3n de desempe\u00f1o de redes WiFi.<\/span><\/p>\n<p><span style=\"font-family: verdana, geneva, sans-serif;\">Auditor\u00edas Energ\u00e9ticas y rehabilitaci\u00f3n de edificios.<\/span><\/p>\n<p><span style=\"font-family: verdana, geneva, sans-serif;\">Uso racional y eficiente de la energ\u00eda. Formulaci\u00f3n de proyectos.<\/span><\/p>\n<p><span style=\"font-family: verdana, geneva, sans-serif;\">Relevamiento y contabilidad energ\u00e9tica, ingenier\u00eda y desarrollo de mejoras.<\/span><\/p>\n<p><span style=\"font-family: verdana, geneva, sans-serif;\">Gesti\u00f3n de la energ\u00eda: dise\u00f1o y seguimiento de indicadores de desempe\u00f1o energ\u00e9tico (IDEs).<\/span><\/p>\n<p><span style=\"font-family: verdana, geneva, sans-serif;\">Determinaci\u00f3n de L\u00ednea de base y sistemas de gesti\u00f3n de energ\u00eda, ISO 50.001.<\/span><\/p>\n<p><span style=\"font-family: verdana, geneva, sans-serif;\">Transformaci\u00f3n Digital e Industria 4.0.<\/span><\/p>\n<p><span style=\"font-family: verdana, geneva, sans-serif;\"><strong>Responsable T\u00e9cnico y Administrativo:<\/strong> Marcelo Ar\u00e1oz<\/span><\/p>\n<p><span style=\"font-family: verdana, geneva, sans-serif;\"><strong>Integrantes:<\/strong> Maduri \u2013 Campigotto \u2013 Simone &#8211; Elizondo<\/span><\/p>\n<p><span style=\"font-family: verdana, geneva, sans-serif;\"><strong>Proyectos de investigaci\u00f3n y\/o extensi\u00f3n vinculados al grupo:<\/strong><\/span><\/p>\n<p><span style=\"font-family: verdana, geneva, sans-serif;\"><strong>\u201cEficiencia Energ\u00e9tica en Edificios P\u00fablicos: Auditor\u00eda en la Municipalidad de Cipolletti\u201d <\/strong>presentado en la Convocatoria de Proyectos de Extensi\u00f3n Universitaria \u201cUNIVERSIDAD, CULTURA y TERRITORIO 2021\u201d ha sido aprobado con financiamiento, por Resol 2022-32APNSECPU#ME.<\/span><\/p>\n<p><span style=\"font-family: verdana, geneva, sans-serif;\"><strong>Programa de Eficiencia Energ\u00e9tica \u2013 Gobiernos Locales \u2013 Etapa 1, <\/strong>en la provincia de Neuqu\u00e9n, para los municipios de Senillosa, Picun Leufu, Zapala, Alumin\u00e9 y Chos Malal, con financiamiento del CFI y participaci\u00f3n del COPADE.<\/span><\/p>\n<p><span style=\"font-family: verdana, geneva, sans-serif;\"><strong>Contacto:<\/strong> <a href=\"mailto:Daniel.simone@fain.uncoma.edu.ar\">daniel.simone@fain.uncoma.edu.ar<\/a>, <a href=\"mailto:eficiencia.comahue@gmail.com\">eficiencia.comahue@gmail.com<\/a><\/span><\/p>\n","protected":false},"excerpt":{"rendered":"<p>\u00a0 \u00a0 \u00a0 GRUPO DE COMUNICACIONES Y EFICIENCIA ENERG\u00c9TICA Breve  [&#8230;]<\/p>\n","protected":false},"author":12,"featured_media":0,"parent":0,"menu_order":0,"comment_status":"closed","ping_status":"closed","template":"","meta":{"_acf_changed":false,"footnotes":""},"class_list":["post-3619","page","type-page","status-publish","hentry"],"acf":[],"_links":{"self":[{"href":"https:\/\/fainweb.uncoma.edu.ar\/index.php\/wp-json\/wp\/v2\/pages\/3619","targetHints":{"allow":["GET"]}}],"collection":[{"href":"https:\/\/fainweb.uncoma.edu.ar\/index.php\/wp-json\/wp\/v2\/pages"}],"about":[{"href":"https:\/\/fainweb.uncoma.edu.ar\/index.php\/wp-json\/wp\/v2\/types\/page"}],"author":[{"embeddable":true,"href":"https:\/\/fainweb.uncoma.edu.ar\/index.php\/wp-json\/wp\/v2\/users\/12"}],"replies":[{"embeddable":true,"href":"https:\/\/fainweb.uncoma.edu.ar\/index.php\/wp-json\/wp\/v2\/comments?post=3619"}],"version-history":[{"count":2,"href":"https:\/\/fainweb.uncoma.edu.ar\/index.php\/wp-json\/wp\/v2\/pages\/3619\/revisions"}],"predecessor-version":[{"id":3621,"href":"https:\/\/fainweb.uncoma.edu.ar\/index.php\/wp-json\/wp\/v2\/pages\/3619\/revisions\/3621"}],"wp:attachment":[{"href":"https:\/\/fainweb.uncoma.edu.ar\/index.php\/wp-json\/wp\/v2\/media?parent=3619"}],"curies":[{"name":"wp","href":"https:\/\/api.w.org\/{rel}","templated":true}]}}