{"id":3615,"date":"2023-06-29T12:27:25","date_gmt":"2023-06-29T15:27:25","guid":{"rendered":"https:\/\/fainweb.uncoma.edu.ar\/?page_id=3615"},"modified":"2023-06-29T12:27:25","modified_gmt":"2023-06-29T15:27:25","slug":"depuracion-de-aguas-residuales","status":"publish","type":"page","link":"https:\/\/fainweb.uncoma.edu.ar\/index.php\/depuracion-de-aguas-residuales\/","title":{"rendered":"DEPURACI\u00d3N DE AGUAS RESIDUALES"},"content":{"rendered":"<p><img decoding=\"async\" src=\"http:\/\/fainweb.uncoma.edu.ar\/wp-content\/uploads\/2021\/10\/icono03-2.png\" alt=\"\" width=\"200\" height=\"200\" class=\"alignnone size-full wp-image-2109\" srcset=\"https:\/\/fainweb.uncoma.edu.ar\/wp-content\/uploads\/2021\/10\/icono03-2-66x66.png 66w, https:\/\/fainweb.uncoma.edu.ar\/wp-content\/uploads\/2021\/10\/icono03-2-150x150.png 150w, https:\/\/fainweb.uncoma.edu.ar\/wp-content\/uploads\/2021\/10\/icono03-2.png 200w\" sizes=\"(max-width: 200px) 100vw, 200px\" \/>\u00a0 <img decoding=\"async\" src=\"http:\/\/fainweb.uncoma.edu.ar\/wp-content\/uploads\/2021\/10\/icono01-3.png\" alt=\"\" width=\"200\" height=\"200\" class=\"alignnone size-full wp-image-2117\" srcset=\"https:\/\/fainweb.uncoma.edu.ar\/wp-content\/uploads\/2021\/10\/icono01-3-66x66.png 66w, https:\/\/fainweb.uncoma.edu.ar\/wp-content\/uploads\/2021\/10\/icono01-3-150x150.png 150w, https:\/\/fainweb.uncoma.edu.ar\/wp-content\/uploads\/2021\/10\/icono01-3.png 200w\" sizes=\"(max-width: 200px) 100vw, 200px\" \/>\u00a0 <img decoding=\"async\" src=\"http:\/\/fainweb.uncoma.edu.ar\/wp-content\/uploads\/2021\/10\/icono02.png\" alt=\"\" width=\"200\" height=\"200\" class=\"alignnone size-full wp-image-2132\" srcset=\"https:\/\/fainweb.uncoma.edu.ar\/wp-content\/uploads\/2021\/10\/icono02-66x66.png 66w, https:\/\/fainweb.uncoma.edu.ar\/wp-content\/uploads\/2021\/10\/icono02-150x150.png 150w, https:\/\/fainweb.uncoma.edu.ar\/wp-content\/uploads\/2021\/10\/icono02.png 200w\" sizes=\"(max-width: 200px) 100vw, 200px\" \/><\/p>\n<p style=\"text-align: center;\"><span style=\"font-family: verdana, geneva, sans-serif; font-size: 14pt;\"><strong>DEPURACI\u00d3N DE AGUAS RESIDUALES<\/strong><\/span><\/p>\n<p><span style=\"font-family: verdana, geneva, sans-serif;\"><strong>Breve descripci\u00f3n de las actividades que desarrolla el grupo:<\/strong><\/span><\/p>\n<p><span style=\"font-family: verdana, geneva, sans-serif;\">Cursos de capacitaci\u00f3n y de posgrado de tratamientos de aguas residuales.<\/span><\/p>\n<p><span style=\"font-family: verdana, geneva, sans-serif;\">Dise\u00f1o de plantas de tratamiento de aguas residuales por fangos activados. Simulaci\u00f3n de plantas de tratamiento en funcionamiento.<\/span><\/p>\n<p><span style=\"font-family: verdana, geneva, sans-serif;\">Caracterizaci\u00f3n de aguas residuales y residuos s\u00f3lidos org\u00e1nicos.<\/span><\/p>\n<p><span style=\"font-family: verdana, geneva, sans-serif;\">Se realizan an\u00e1lisis de aguas residuales y residuos s\u00f3lidos org\u00e1nicos: Demanda Qu\u00edmica de Ox\u00edgeno, S\u00f3lidos Vol\u00e1tiles y Totales, S\u00f3lidos suspendidos vol\u00e1tiles y totales, fracciones de nitr\u00f3geno, fracciones de f\u00f3sforo, \u00e1cidos grasos vol\u00e1tiles, alcalinidad, sulfato, FOSTAC.<\/span><\/p>\n<p><span style=\"font-family: verdana, geneva, sans-serif;\">An\u00e1lisis de capacidad metanog\u00e9nica de residuos s\u00f3lidos org\u00e1nicos: potencial metanog\u00e9nico espec\u00edfico, actividad metanog\u00e9nica espec\u00edfica.<\/span><\/p>\n<p><span style=\"font-family: verdana, geneva, sans-serif;\">An\u00e1lisis microbiol\u00f3gicos en aguas.<\/span><\/p>\n<p><span style=\"font-family: verdana, geneva, sans-serif;\"><strong>Responsable T\u00e9cnica y Administrativa:<\/strong> Dra. Marcela Gatti<\/span><\/p>\n<p><strong><span style=\"font-family: verdana, geneva, sans-serif;\">Integrantes:<br \/>\n<\/span><\/strong><span style=\"font-family: verdana, geneva, sans-serif;\">Valeria D\u00edaz<br \/>\nFacundo Qui\u00f1ones<br \/>\n<\/span><span style=\"font-family: verdana, geneva, sans-serif;\">Margarita Cesano<\/span><\/p>\n<p><span style=\"font-family: verdana, geneva, sans-serif;\"><strong>Proyectos de investigaci\u00f3n y\/o extensi\u00f3n vinculados al grupo:<\/strong><\/span><\/p>\n<p><span style=\"font-family: verdana, geneva, sans-serif;\">PIN 04\/I254, Universidad Nacional del Comahue. T\u00edtulo: \u201cProducci\u00f3n de energ\u00eda y almacenamiento mediante procesos combinados de digesti\u00f3n anaer\u00f3bica y celdas de combustible microbiana\u201d. Direcci\u00f3n: Gatti, Marcela Noem\u00ed.<\/span><\/p>\n<p><span style=\"font-family: verdana, geneva, sans-serif;\">Expediente MINCyT\u00a0 EX-2022- 83681954- APNDDYGD#MCT. Expediente provincia de RN 116508-RNI-2023. Convocatoria \/ L\u00ednea: Proyecto RN 9 &#8211; PFI 2022. T\u00edtulo: \u00abTratamiento y aprovechamiento energ\u00e9tico de efluentes urbanos mediante procesos combinados de un biofiltro y digesti\u00f3n anaer\u00f3bica\u00bb<\/span><\/p>\n<p><span style=\"font-family: verdana, geneva, sans-serif;\"><strong>Contacto:<\/strong> <a href=\"mailto:Marcela.gatti@fain.uncoma.edu.ar\">marcela.gatti@fain.uncoma.edu.ar<\/a> <\/span><br \/>\n<span style=\"font-family: verdana, geneva, sans-serif;\">\u00a0 \u00a0 \u00a0 \u00a0 \u00a0 \u00a0 \u00a0 \u00a0\u00a0<a href=\"mailto:magatti@yahoo.com\">magatti@yahoo.com<\/a><\/span><\/p>\n","protected":false},"excerpt":{"rendered":"<p>\u00a0 \u00a0 DEPURACI\u00d3N DE AGUAS RESIDUALES Breve descripci\u00f3n de las  [&#8230;]<\/p>\n","protected":false},"author":12,"featured_media":0,"parent":0,"menu_order":0,"comment_status":"closed","ping_status":"closed","template":"","meta":{"_acf_changed":false,"footnotes":""},"class_list":["post-3615","page","type-page","status-publish","hentry"],"acf":[],"_links":{"self":[{"href":"https:\/\/fainweb.uncoma.edu.ar\/index.php\/wp-json\/wp\/v2\/pages\/3615","targetHints":{"allow":["GET"]}}],"collection":[{"href":"https:\/\/fainweb.uncoma.edu.ar\/index.php\/wp-json\/wp\/v2\/pages"}],"about":[{"href":"https:\/\/fainweb.uncoma.edu.ar\/index.php\/wp-json\/wp\/v2\/types\/page"}],"author":[{"embeddable":true,"href":"https:\/\/fainweb.uncoma.edu.ar\/index.php\/wp-json\/wp\/v2\/users\/12"}],"replies":[{"embeddable":true,"href":"https:\/\/fainweb.uncoma.edu.ar\/index.php\/wp-json\/wp\/v2\/comments?post=3615"}],"version-history":[{"count":1,"href":"https:\/\/fainweb.uncoma.edu.ar\/index.php\/wp-json\/wp\/v2\/pages\/3615\/revisions"}],"predecessor-version":[{"id":3616,"href":"https:\/\/fainweb.uncoma.edu.ar\/index.php\/wp-json\/wp\/v2\/pages\/3615\/revisions\/3616"}],"wp:attachment":[{"href":"https:\/\/fainweb.uncoma.edu.ar\/index.php\/wp-json\/wp\/v2\/media?parent=3615"}],"curies":[{"name":"wp","href":"https:\/\/api.w.org\/{rel}","templated":true}]}}