{"id":3612,"date":"2023-06-29T10:44:59","date_gmt":"2023-06-29T13:44:59","guid":{"rendered":"https:\/\/fainweb.uncoma.edu.ar\/?page_id=3612"},"modified":"2023-06-29T10:44:59","modified_gmt":"2023-06-29T13:44:59","slug":"grupo-de-analisis-estructural","status":"publish","type":"page","link":"https:\/\/fainweb.uncoma.edu.ar\/index.php\/grupo-de-analisis-estructural\/","title":{"rendered":"GRUPO DE AN\u00c1LISIS ESTRUCTURAL"},"content":{"rendered":"<p><img decoding=\"async\" src=\"http:\/\/fainweb.uncoma.edu.ar\/wp-content\/uploads\/2021\/10\/icono02.png\" alt=\"\" width=\"200\" height=\"200\" class=\"alignnone size-full wp-image-2132\" srcset=\"https:\/\/fainweb.uncoma.edu.ar\/wp-content\/uploads\/2021\/10\/icono02-66x66.png 66w, https:\/\/fainweb.uncoma.edu.ar\/wp-content\/uploads\/2021\/10\/icono02-150x150.png 150w, https:\/\/fainweb.uncoma.edu.ar\/wp-content\/uploads\/2021\/10\/icono02.png 200w\" sizes=\"(max-width: 200px) 100vw, 200px\" \/>\u00a0 <img decoding=\"async\" src=\"http:\/\/fainweb.uncoma.edu.ar\/wp-content\/uploads\/2021\/10\/icono01-3.png\" alt=\"\" width=\"200\" height=\"200\" class=\"alignnone size-full wp-image-2117\" srcset=\"https:\/\/fainweb.uncoma.edu.ar\/wp-content\/uploads\/2021\/10\/icono01-3-66x66.png 66w, https:\/\/fainweb.uncoma.edu.ar\/wp-content\/uploads\/2021\/10\/icono01-3-150x150.png 150w, https:\/\/fainweb.uncoma.edu.ar\/wp-content\/uploads\/2021\/10\/icono01-3.png 200w\" sizes=\"(max-width: 200px) 100vw, 200px\" \/><\/p>\n<p style=\"text-align: center;\"><span style=\"font-family: verdana, geneva, sans-serif; font-size: 14pt;\"><strong>GRUPO DE AN\u00c1LISIS ESTRUCTURAL<\/strong><\/span><\/p>\n<p><span style=\"font-family: verdana, geneva, sans-serif;\"><strong>Breve descripci\u00f3n de las actividades que desarrolla el grupo:<\/strong><\/span><\/p>\n<p><span style=\"font-family: verdana, geneva, sans-serif;\">El Grupo se especializa en el c\u00e1lculo, inspecci\u00f3n y verificaci\u00f3n de estructuras, ya sea en el campo del dise\u00f1o o del an\u00e1lisis de causal de fallas o patolog\u00edas. Ha tenido participaci\u00f3n relevante en casos de gran trascendencia p\u00fablica como ha sido el Peritaje sobre el colapso del edificio de la cooperativa Obrera, las deficiencias del edificio Torre del Solar, el colapso de las l\u00edneas de Media Tensi\u00f3n Cutral-C\u00f3 Zapala, entre los casos m\u00e1s renombrados.<\/span><\/p>\n<ul>\n<li><span style=\"font-family: verdana, geneva, sans-serif;\">Peritajes \/ diagn\u00f3stico de estructuras de Hormig\u00f3n y\/o Acero<\/span><\/li>\n<li><span style=\"font-family: verdana, geneva, sans-serif;\">Proyecto\/Verificaci\u00f3n de Estructuras para Obras de Infraestructura, Edificios P\u00fablicos, Obras Hidr\u00e1ulicas, de Saneamiento, Puentes, etc<\/span><\/li>\n<li><span style=\"font-family: verdana, geneva, sans-serif;\">Informes T\u00e9cnicos\/Diagn\u00f3stico sobre Patolog\u00edas en estructuras de hormig\u00f3n y\/o Acero.<\/span><\/li>\n<li><span style=\"font-family: verdana, geneva, sans-serif;\">Formaci\u00f3n y Capacitaci\u00f3n.<\/span><\/li>\n<li><span style=\"font-family: verdana, geneva, sans-serif;\">Gesti\u00f3n Tecnol\u00f3gica<\/span><\/li>\n<li><span style=\"font-family: verdana, geneva, sans-serif;\">Investigaci\u00f3n y Desarrollo<\/span><\/li>\n<li><span style=\"font-family: verdana, geneva, sans-serif;\">Transferencia tecnol\u00f3gica o de \u201cknow how\u201d<\/span><\/li>\n<\/ul>\n<p><span style=\"font-family: verdana, geneva, sans-serif;\"><strong>Responsable T\u00e9cnico:<\/strong> Ing. Civil Javier Buraschi<\/span><\/p>\n<p><span style=\"font-family: verdana, geneva, sans-serif;\"><strong>Responsable Administrativo:<\/strong> Dra. Ing. Rosana Jaca<\/span><\/p>\n<p><span style=\"font-family: verdana, geneva, sans-serif;\"><strong>Integrantes:<\/strong>\u00a0<\/span><\/p>\n<p><span style=\"font-family: verdana, geneva, sans-serif;\">Dra. Ing. Civil Rossana Jaca<br \/>\n<\/span><span style=\"font-family: verdana, geneva, sans-serif;\">Ing. Civil Javier Buraschi<br \/>\n<\/span><span style=\"font-family: verdana, geneva, sans-serif;\">Ing. Civil Renato Enei<br \/>\n<\/span><span style=\"font-family: verdana, geneva, sans-serif;\">Ing. Civil Sergio Paganini<br \/>\n<\/span><span style=\"font-family: verdana, geneva, sans-serif;\">Ing. Civil Leonardo Zovich<br \/>\n<\/span><span style=\"font-family: verdana, geneva, sans-serif;\">Ing. Civil Sebasti\u00e1n Ferrero<br \/>\n<\/span><span style=\"font-family: verdana, geneva, sans-serif;\">Ing. Civil Daniel Calabr\u00f3<br \/>\n<\/span><span style=\"font-family: verdana, geneva, sans-serif;\">Ing. Civil Alejandro Aguilera<br \/>\n<\/span><span style=\"font-family: verdana, geneva, sans-serif;\">Ing. Civil Noem\u00ed Subelza<br \/>\n<\/span><span style=\"font-family: verdana, geneva, sans-serif;\">Ing. Civil Carlos Burgos<\/span><\/p>\n<p><span style=\"font-family: verdana, geneva, sans-serif;\"><strong>Proyectos de investigaci\u00f3n y\/o extensi\u00f3n vinculados al grupo:<\/strong><\/span><\/p>\n<p><span style=\"font-family: verdana, geneva, sans-serif;\">\u201cDa\u00f1os y vulnerabilidad de estructuras laminares bajo acciones extremas en infraestructura de almacenamiento y proceso\u201d perteneciente al Programa PROIN \u201cIntegridad Estructural y Mec\u00e1nica de componentes cr\u00edticos de la industria hidrocarbur\u00edfera\u201d<\/span><\/p>\n<p><span style=\"font-family: verdana, geneva, sans-serif;\"><strong>Contacto (mail y tel\u00e9fono fijo y\/o celular)<\/strong><\/span><\/p>\n<p><span style=\"font-family: verdana, geneva, sans-serif;\"><a href=\"mailto:rossana.jaca@fain.uncoma.edu.ar\">rossana.jaca@fain.uncoma.edu.ar<\/a><br \/>\n<\/span><span style=\"font-family: verdana, geneva, sans-serif;\"><a href=\"mailto:javieburaschi@yahoo.com.ar\">javieburaschi@yahoo.com.ar<\/a><\/span><\/p>\n","protected":false},"excerpt":{"rendered":"<p>\u00a0 GRUPO DE AN\u00c1LISIS ESTRUCTURAL Breve descripci\u00f3n de las actividades  [&#8230;]<\/p>\n","protected":false},"author":12,"featured_media":0,"parent":0,"menu_order":0,"comment_status":"closed","ping_status":"closed","template":"","meta":{"_acf_changed":false,"footnotes":""},"class_list":["post-3612","page","type-page","status-publish","hentry"],"acf":[],"_links":{"self":[{"href":"https:\/\/fainweb.uncoma.edu.ar\/index.php\/wp-json\/wp\/v2\/pages\/3612","targetHints":{"allow":["GET"]}}],"collection":[{"href":"https:\/\/fainweb.uncoma.edu.ar\/index.php\/wp-json\/wp\/v2\/pages"}],"about":[{"href":"https:\/\/fainweb.uncoma.edu.ar\/index.php\/wp-json\/wp\/v2\/types\/page"}],"author":[{"embeddable":true,"href":"https:\/\/fainweb.uncoma.edu.ar\/index.php\/wp-json\/wp\/v2\/users\/12"}],"replies":[{"embeddable":true,"href":"https:\/\/fainweb.uncoma.edu.ar\/index.php\/wp-json\/wp\/v2\/comments?post=3612"}],"version-history":[{"count":1,"href":"https:\/\/fainweb.uncoma.edu.ar\/index.php\/wp-json\/wp\/v2\/pages\/3612\/revisions"}],"predecessor-version":[{"id":3613,"href":"https:\/\/fainweb.uncoma.edu.ar\/index.php\/wp-json\/wp\/v2\/pages\/3612\/revisions\/3613"}],"wp:attachment":[{"href":"https:\/\/fainweb.uncoma.edu.ar\/index.php\/wp-json\/wp\/v2\/media?parent=3612"}],"curies":[{"name":"wp","href":"https:\/\/api.w.org\/{rel}","templated":true}]}}