{"id":3518,"date":"2023-06-09T13:55:09","date_gmt":"2023-06-09T16:55:09","guid":{"rendered":"https:\/\/fainweb.uncoma.edu.ar\/?page_id=3518"},"modified":"2023-06-09T13:55:09","modified_gmt":"2023-06-09T16:55:09","slug":"proyecto-dino","status":"publish","type":"page","link":"https:\/\/fainweb.uncoma.edu.ar\/index.php\/proyecto-dino\/","title":{"rendered":"PROYECTO DINO"},"content":{"rendered":"<p><img decoding=\"async\" src=\"http:\/\/fainweb.uncoma.edu.ar\/wp-content\/uploads\/2021\/10\/icono03-2.png\" alt=\"\" width=\"200\" height=\"200\" class=\"alignnone size-full wp-image-2109\" srcset=\"https:\/\/fainweb.uncoma.edu.ar\/wp-content\/uploads\/2021\/10\/icono03-2-66x66.png 66w, https:\/\/fainweb.uncoma.edu.ar\/wp-content\/uploads\/2021\/10\/icono03-2-150x150.png 150w, https:\/\/fainweb.uncoma.edu.ar\/wp-content\/uploads\/2021\/10\/icono03-2.png 200w\" sizes=\"(max-width: 200px) 100vw, 200px\" \/> <img decoding=\"async\" src=\"http:\/\/fainweb.uncoma.edu.ar\/wp-content\/uploads\/2021\/11\/icono05.png\" alt=\"\" width=\"200\" height=\"200\" class=\"alignnone size-full wp-image-2144\" srcset=\"https:\/\/fainweb.uncoma.edu.ar\/wp-content\/uploads\/2021\/11\/icono05-66x66.png 66w, https:\/\/fainweb.uncoma.edu.ar\/wp-content\/uploads\/2021\/11\/icono05-150x150.png 150w, https:\/\/fainweb.uncoma.edu.ar\/wp-content\/uploads\/2021\/11\/icono05.png 200w\" sizes=\"(max-width: 200px) 100vw, 200px\" \/><\/p>\n<p style=\"text-align: center;\"><span style=\"font-family: verdana, geneva, sans-serif; font-size: 14pt;\"><strong>PROYECTO DINO<\/strong><\/span><\/p>\n<p><span style=\"font-family: verdana, geneva, sans-serif;\"><strong>Breve descripci\u00f3n de las actividades que desarrolla el grupo:<\/strong><\/span><\/p>\n<ol>\n<li><span style=\"font-family: verdana, geneva, sans-serif;\">B\u00fasqueda y extracci\u00f3n de vertebrados f\u00f3siles mediante m\u00e9todos t\u00e9cnicos convencionales.<\/span><\/li>\n<li><span style=\"font-family: verdana, geneva, sans-serif;\">Realizaci\u00f3n de estudios tafon\u00f3micos in situ, incluyendo mapeo y analisis del yacimiento paleontol\u00f3gico.<\/span><\/li>\n<li><span style=\"font-family: verdana, geneva, sans-serif;\">Preparaci\u00f3n t\u00e9cnica y conservaci\u00f3n de restos f\u00f3siles<\/span><\/li>\n<li><span style=\"font-family: verdana, geneva, sans-serif;\">Determinaci\u00f3n taxon\u00f3mica del material f\u00f3sil incluyendo comparaciones con ejemplares tipo de distintos museos del pa\u00eds.<\/span><\/li>\n<li><span style=\"font-family: verdana, geneva, sans-serif;\">Procesamiento de datos anat\u00f3micos mediante programas clad\u00edsticos.<\/span><\/li>\n<li><span style=\"font-family: verdana, geneva, sans-serif;\">Elaboraci\u00f3n de cladogramas para establecer las relaciones filogen\u00e9ticas de las especies rescatadas.<\/span><\/li>\n<li><span style=\"font-family: verdana, geneva, sans-serif;\">Ilustraci\u00f3n de f\u00f3siles mediante dibujos t\u00e9cnicos y toma de fotograf\u00edas.<\/span><\/li>\n<li><span style=\"font-family: verdana, geneva, sans-serif;\">Elaboraci\u00f3n de perfiles y columnas estratigr\u00e1ficas.<\/span><\/li>\n<li><span style=\"font-family: verdana, geneva, sans-serif;\">Compilaci\u00f3n, evaluaci\u00f3n y presentaci\u00f3n de resultados.<\/span><\/li>\n<\/ol>\n<p><span style=\"font-family: verdana, geneva, sans-serif;\"><strong>Proyectos de investigaci\u00f3n y\/o extensi\u00f3n vinculados al grupo:<\/strong><\/span><\/p>\n<p><span style=\"font-family: verdana, geneva, sans-serif;\">\u201cPaleobiota y Sedimentolog\u00eda Del Grupo Neuqu\u00e9n en los departamentos Confluencia, A\u00f1elo y Pic\u00fan Leuf\u00fa, Provincia de Neuqu\u00e9n\u201d. C\u00f3digo 04\/I259, 2021-2024;<\/span><\/p>\n<p><span style=\"font-family: verdana, geneva, sans-serif;\">Responsable T\u00e9cnico y Administrativo: Lic. Laura \u00c1vila<\/span><\/p>\n<p><span style=\"font-family: verdana, geneva, sans-serif;\">Contacto: <a href=\"mailto:laurasoniaavila65@gmail.com\">laurasoniaavila65@gmail.com<\/a><\/span><\/p>\n","protected":false},"excerpt":{"rendered":"<p>PROYECTO DINO Breve descripci\u00f3n de las actividades que desarrolla el  [&#8230;]<\/p>\n","protected":false},"author":12,"featured_media":0,"parent":0,"menu_order":0,"comment_status":"closed","ping_status":"closed","template":"","meta":{"_acf_changed":false,"footnotes":""},"class_list":["post-3518","page","type-page","status-publish","hentry"],"acf":[],"_links":{"self":[{"href":"https:\/\/fainweb.uncoma.edu.ar\/index.php\/wp-json\/wp\/v2\/pages\/3518","targetHints":{"allow":["GET"]}}],"collection":[{"href":"https:\/\/fainweb.uncoma.edu.ar\/index.php\/wp-json\/wp\/v2\/pages"}],"about":[{"href":"https:\/\/fainweb.uncoma.edu.ar\/index.php\/wp-json\/wp\/v2\/types\/page"}],"author":[{"embeddable":true,"href":"https:\/\/fainweb.uncoma.edu.ar\/index.php\/wp-json\/wp\/v2\/users\/12"}],"replies":[{"embeddable":true,"href":"https:\/\/fainweb.uncoma.edu.ar\/index.php\/wp-json\/wp\/v2\/comments?post=3518"}],"version-history":[{"count":1,"href":"https:\/\/fainweb.uncoma.edu.ar\/index.php\/wp-json\/wp\/v2\/pages\/3518\/revisions"}],"predecessor-version":[{"id":3519,"href":"https:\/\/fainweb.uncoma.edu.ar\/index.php\/wp-json\/wp\/v2\/pages\/3518\/revisions\/3519"}],"wp:attachment":[{"href":"https:\/\/fainweb.uncoma.edu.ar\/index.php\/wp-json\/wp\/v2\/media?parent=3518"}],"curies":[{"name":"wp","href":"https:\/\/api.w.org\/{rel}","templated":true}]}}