{"id":3508,"date":"2023-06-08T11:49:21","date_gmt":"2023-06-08T14:49:21","guid":{"rendered":"https:\/\/fainweb.uncoma.edu.ar\/?page_id=3508"},"modified":"2023-06-08T11:49:21","modified_gmt":"2023-06-08T14:49:21","slug":"centro-de-investigacion-en-geociencias-de-la-patagonia","status":"publish","type":"page","link":"https:\/\/fainweb.uncoma.edu.ar\/index.php\/centro-de-investigacion-en-geociencias-de-la-patagonia\/","title":{"rendered":"CENTRO DE INVESTIGACI\u00d3N EN GEOCIENCIAS DE LA PATAGONIA"},"content":{"rendered":"<p><img decoding=\"async\" src=\"http:\/\/fainweb.uncoma.edu.ar\/wp-content\/uploads\/2021\/10\/icono02.png\" alt=\"\" width=\"200\" height=\"200\" class=\"alignnone size-full wp-image-2132\" srcset=\"https:\/\/fainweb.uncoma.edu.ar\/wp-content\/uploads\/2021\/10\/icono02-66x66.png 66w, https:\/\/fainweb.uncoma.edu.ar\/wp-content\/uploads\/2021\/10\/icono02-150x150.png 150w, https:\/\/fainweb.uncoma.edu.ar\/wp-content\/uploads\/2021\/10\/icono02.png 200w\" sizes=\"(max-width: 200px) 100vw, 200px\" \/> <img decoding=\"async\" src=\"http:\/\/fainweb.uncoma.edu.ar\/wp-content\/uploads\/2021\/10\/icono03-2.png\" alt=\"\" width=\"200\" height=\"200\" class=\"alignnone size-full wp-image-2109\" srcset=\"https:\/\/fainweb.uncoma.edu.ar\/wp-content\/uploads\/2021\/10\/icono03-2-66x66.png 66w, https:\/\/fainweb.uncoma.edu.ar\/wp-content\/uploads\/2021\/10\/icono03-2-150x150.png 150w, https:\/\/fainweb.uncoma.edu.ar\/wp-content\/uploads\/2021\/10\/icono03-2.png 200w\" sizes=\"(max-width: 200px) 100vw, 200px\" \/><\/p>\n<p style=\"text-align: center;\"><span style=\"font-family: verdana, geneva, sans-serif; font-size: 14pt;\"><strong>CENTRO DE INVESTIGACI\u00d3N EN GEOCIENCIAS DE LA PATAGONIA<\/strong><\/span><\/p>\n<p><span style=\"font-family: verdana, geneva, sans-serif;\"><strong>Breve descripci\u00f3n de las actividades que desarrolla el grupo:<\/strong><\/span><\/p>\n<p class=\"p3\"><span class=\"s1\" style=\"font-family: verdana, geneva, sans-serif;\">El Grupo est\u00e1 constituido por docentes investigadores de la Licenciatura en Ciencias Geol\u00f3gicas y orientado a brindar servicios geol\u00f3gicos, de recursos h\u00eddricos, de interpretaci\u00f3n s\u00edsmica, geot\u00e9cnicos y de geolog\u00eda ambiental para empresas hidrocarbur\u00edferas, consultoras ambientales, entes provinciales y nacionales.<\/span><\/p>\n<p class=\"p3\"><span class=\"s1\" style=\"font-family: verdana, geneva, sans-serif;\">Nuestra misi\u00f3n es realizar investigaciones que contribuyan al conocimiento multidisciplinar en las \u00e1reas de Ciencias y Tecnolog\u00edas de la Tierra para su transferencia, divulgaci\u00f3n y aplicaci\u00f3n en el aprovechamiento de los recursos energ\u00e9ticos y en la resoluci\u00f3n de problemas geol\u00f3gicos y ambientales, as\u00ed como la formaci\u00f3n de recursos humanos que contribuyan a ello.<\/span><\/p>\n<p class=\"p3\"><span style=\"font-family: verdana, geneva, sans-serif;\"><em><span class=\"s1\">Servicios de Asistencia T\u00e9cnica:<\/span><\/em><\/span><\/p>\n<ul>\n<li class=\"p3\"><span class=\"s1\" style=\"font-family: verdana, geneva, sans-serif;\">Estudios hidrogeol\u00f3gicos.<\/span><\/li>\n<li class=\"p3\"><span class=\"s1\" style=\"font-family: verdana, geneva, sans-serif;\">Estudios de riesgos h\u00eddricos.<\/span><\/li>\n<li class=\"p3\"><span class=\"s1\" style=\"font-family: verdana, geneva, sans-serif;\">Estudios de suelo.<\/span><\/li>\n<li class=\"p3\"><span class=\"s1\" style=\"font-family: verdana, geneva, sans-serif;\">Interpretaci\u00f3n de datos s\u00edsmicos 2D \/ 3D.<\/span><\/li>\n<\/ul>\n<p><span style=\"font-family: verdana, geneva, sans-serif;\"><em><span class=\"s1\">Servicios de Formaci\u00f3n y Capacitaci\u00f3n:<\/span><\/em><\/span><\/p>\n<ul>\n<li class=\"p3\"><span class=\"s1\" style=\"font-family: verdana, geneva, sans-serif;\">Geolog\u00eda, estratigraf\u00eda y sedimentolog\u00eda de cuencas sedimentarias.\u00a0<\/span><\/li>\n<li class=\"p4\"><span class=\"s1\" style=\"font-family: verdana, geneva, sans-serif;\">Interpretaci\u00f3n de datos s\u00edsmicos.<\/span><\/li>\n<li class=\"p4\"><span class=\"s1\" style=\"font-family: verdana, geneva, sans-serif;\">Interpretaci\u00f3n de registros el\u00e9ctricos del subsuelo.<\/span><\/li>\n<li class=\"p5\"><span class=\"s1\" style=\"font-family: verdana, geneva, sans-serif;\">Hidrolog\u00eda e hidrogeolog\u00eda: procesos hidrol\u00f3gicos de superficie y subsuelo. Transporte de contaminantes. Vulnerabilidad de acu\u00edferos. Modelaci\u00f3n hidrol\u00f3gica y ambiental.<\/span><\/li>\n<li class=\"p4\"><span class=\"s1\" style=\"font-family: verdana, geneva, sans-serif;\">Paleontolog\u00eda.<\/span><\/li>\n<li class=\"p5\"><span class=\"s1\" style=\"font-family: verdana, geneva, sans-serif;\">Sistemas de Informaci\u00f3n Geogr\u00e1fica, Cartograf\u00eda Ambiental y Modelaci\u00f3n de problemas geol\u00f3gicos y ambientales.<\/span><\/li>\n<li class=\"p4\"><span class=\"s1\" style=\"font-family: verdana, geneva, sans-serif;\">Paleopalinolog\u00eda.<\/span><\/li>\n<\/ul>\n<p class=\"p3\"><span class=\"s1\" style=\"font-family: verdana, geneva, sans-serif;\"><strong>Responsable T\u00e9cnica:<\/strong> Dra. Ana Cecilia Dufilho<\/span><\/p>\n<p class=\"p3\"><span class=\"s1\" style=\"font-family: verdana, geneva, sans-serif;\"><strong>Responsable Administrativa:<\/strong> Lic. Sheyla Iglesias<\/span><\/p>\n<p class=\"p3\"><span style=\"font-family: verdana, geneva, sans-serif;\"><span class=\"s1\"><b>Contacto: <\/b><\/span><span class=\"s2\"><a href=\"mailto:unco.cigpat@gmail.com\">unco.cigpat@gmail.com<\/a><\/span><\/span><\/p>\n","protected":false},"excerpt":{"rendered":"<p>CENTRO DE INVESTIGACI\u00d3N EN GEOCIENCIAS DE LA PATAGONIA Breve descripci\u00f3n  [&#8230;]<\/p>\n","protected":false},"author":12,"featured_media":0,"parent":0,"menu_order":0,"comment_status":"closed","ping_status":"closed","template":"","meta":{"_acf_changed":false,"footnotes":""},"class_list":["post-3508","page","type-page","status-publish","hentry"],"acf":[],"_links":{"self":[{"href":"https:\/\/fainweb.uncoma.edu.ar\/index.php\/wp-json\/wp\/v2\/pages\/3508","targetHints":{"allow":["GET"]}}],"collection":[{"href":"https:\/\/fainweb.uncoma.edu.ar\/index.php\/wp-json\/wp\/v2\/pages"}],"about":[{"href":"https:\/\/fainweb.uncoma.edu.ar\/index.php\/wp-json\/wp\/v2\/types\/page"}],"author":[{"embeddable":true,"href":"https:\/\/fainweb.uncoma.edu.ar\/index.php\/wp-json\/wp\/v2\/users\/12"}],"replies":[{"embeddable":true,"href":"https:\/\/fainweb.uncoma.edu.ar\/index.php\/wp-json\/wp\/v2\/comments?post=3508"}],"version-history":[{"count":2,"href":"https:\/\/fainweb.uncoma.edu.ar\/index.php\/wp-json\/wp\/v2\/pages\/3508\/revisions"}],"predecessor-version":[{"id":3510,"href":"https:\/\/fainweb.uncoma.edu.ar\/index.php\/wp-json\/wp\/v2\/pages\/3508\/revisions\/3510"}],"wp:attachment":[{"href":"https:\/\/fainweb.uncoma.edu.ar\/index.php\/wp-json\/wp\/v2\/media?parent=3508"}],"curies":[{"name":"wp","href":"https:\/\/api.w.org\/{rel}","templated":true}]}}