{"id":3501,"date":"2023-06-08T11:26:03","date_gmt":"2023-06-08T14:26:03","guid":{"rendered":"https:\/\/fainweb.uncoma.edu.ar\/?page_id=3501"},"modified":"2023-06-22T12:30:33","modified_gmt":"2023-06-22T15:30:33","slug":"laboratorio-de-arcillas","status":"publish","type":"page","link":"https:\/\/fainweb.uncoma.edu.ar\/index.php\/laboratorio-de-arcillas\/","title":{"rendered":"LABORATORIO DE ARCILLAS"},"content":{"rendered":"<p><img decoding=\"async\" src=\"http:\/\/fainweb.uncoma.edu.ar\/wp-content\/uploads\/2021\/10\/icono01-3.png\" alt=\"\" width=\"200\" height=\"200\" class=\"alignnone size-full wp-image-2117\" srcset=\"https:\/\/fainweb.uncoma.edu.ar\/wp-content\/uploads\/2021\/10\/icono01-3-66x66.png 66w, https:\/\/fainweb.uncoma.edu.ar\/wp-content\/uploads\/2021\/10\/icono01-3-150x150.png 150w, https:\/\/fainweb.uncoma.edu.ar\/wp-content\/uploads\/2021\/10\/icono01-3.png 200w\" sizes=\"(max-width: 200px) 100vw, 200px\" \/> <img decoding=\"async\" src=\"http:\/\/fainweb.uncoma.edu.ar\/wp-content\/uploads\/2021\/10\/icono02.png\" alt=\"\" width=\"200\" height=\"200\" class=\"alignnone size-full wp-image-2132\" srcset=\"https:\/\/fainweb.uncoma.edu.ar\/wp-content\/uploads\/2021\/10\/icono02-66x66.png 66w, https:\/\/fainweb.uncoma.edu.ar\/wp-content\/uploads\/2021\/10\/icono02-150x150.png 150w, https:\/\/fainweb.uncoma.edu.ar\/wp-content\/uploads\/2021\/10\/icono02.png 200w\" sizes=\"(max-width: 200px) 100vw, 200px\" \/> <img decoding=\"async\" src=\"http:\/\/fainweb.uncoma.edu.ar\/wp-content\/uploads\/2021\/11\/icono05.png\" alt=\"\" width=\"200\" height=\"200\" class=\"alignnone size-full wp-image-2144\" srcset=\"https:\/\/fainweb.uncoma.edu.ar\/wp-content\/uploads\/2021\/11\/icono05-66x66.png 66w, https:\/\/fainweb.uncoma.edu.ar\/wp-content\/uploads\/2021\/11\/icono05-150x150.png 150w, https:\/\/fainweb.uncoma.edu.ar\/wp-content\/uploads\/2021\/11\/icono05.png 200w\" sizes=\"(max-width: 200px) 100vw, 200px\" \/><\/p>\n<p style=\"text-align: center;\"><span style=\"font-family: verdana, geneva, sans-serif; font-size: 14pt;\"><strong>LABORATORIO DE ARCILLAS<\/strong><\/span><\/p>\n<p><main id=\"main\" class=\"clearfix width-100\"><\/main><\/p>\n<div class=\"fusion-row\">\n<section id=\"content\">\n<div id=\"post-2192\" class=\"post-2192 tyvt type-tyvt status-publish hentry categorias_tyvt-transferencia-tecnologica\">\n<div class=\"post-content\">\n<div class=\"fusion-fullwidth fullwidth-box fusion-builder-row-3 fusion-flex-container has-pattern-background has-mask-background nonhundred-percent-fullwidth non-hundred-percent-height-scrolling\">\n<div class=\"fusion-builder-row fusion-row fusion-flex-align-items-flex-start\">\n<div class=\"fusion-layout-column fusion_builder_column fusion-builder-column-4 fusion_builder_column_1_1 1_1 fusion-flex-column\">\n<div class=\"fusion-column-wrapper fusion-column-has-shadow fusion-flex-justify-content-flex-start fusion-content-layout-column\">\n<div class=\"fusion-content-tb fusion-content-tb-1\">\n<p class=\"p1\"><span class=\"s1\" style=\"font-family: verdana, geneva, sans-serif;\">El Laboratorio de arcillas (LAR) fue creado hace 21 a\u00f1os en respuesta al trabajo conjunto que se realizaba con otros laboratorios de la Facultad de Ingenier\u00eda, as\u00ed como a las demandas de empresas de la regi\u00f3n, que requer\u00edan de servicios asociados a los minerales arcillosos desde un punto de vista qu\u00edmico y f\u00edsico qu\u00edmico. Desde su creaci\u00f3n hasta el a\u00f1o 2020 el LAR estuvo a cargo de la Dra. Miria Baschini. El LAR est\u00e1 conformado por 7 docentes e investigadoras de la Facultad de Ingenier\u00eda, pertenecientes a las \u00e1reas de qu\u00edmica general inorg\u00e1nica, anal\u00edtica y org\u00e1nica, con amplia experiencia en las tem\u00e1ticas que sentaron las bases para su creaci\u00f3n.<\/span><\/p>\n<p class=\"p1\"><span class=\"s1\" style=\"font-family: verdana, geneva, sans-serif;\">Este grupo de transferencia realiza an\u00e1lisis y caracterizaci\u00f3n fisicoqu\u00edmica de arcillas, arenas y materiales asociados como los fangos naturales. En este marco, en los \u00faltimos a\u00f1os se han realizado an\u00e1lisis de arenas de muy diferentes procedencias, caracterizaci\u00f3n fisicoqu\u00edmica de algunos suelos, cuantificaci\u00f3n de boro en aguas de alta salinidad (en conjunto con el LAA), caracterizaci\u00f3n de aguas con presencia de hidrocarburos (en conjunto con el LAA), entre otros. El laboratorio cuenta con la posibilidad de, mediante el trabajo conjunto, realizar tambi\u00e9n ensayos de compatibilidad de aguas. Finalmente, se realizan tambi\u00e9n an\u00e1lisis de adsorci\u00f3n de diferentes sustancias de inter\u00e9s sobre los materiales indicados anteriormente.<\/span><\/p>\n<p class=\"p1\"><span class=\"s1\" style=\"font-family: verdana, geneva, sans-serif;\">El LAR es un laboratorio en expansi\u00f3n, abierto a las demandas de la comunidad, con la capacidad de abordar diferentes problem\u00e1ticas, m\u00e1s all\u00e1 de las ya enunciadas, en el campo de las propiedades qu\u00edmicas y f\u00edsico qu\u00edmicas de los minerales arcillosos.<\/span><\/p>\n<p class=\"p1\"><em><span style=\"font-family: verdana, geneva, sans-serif;\"><span class=\"s1\">Servicios Anal\u00edticos Especializados:<\/span><\/span><\/em><\/p>\n<p class=\"p1\"><span style=\"font-family: verdana, geneva, sans-serif;\"><span class=\"s1\">1. Solubilidad y turbiedad de arenas (M\u00e9todo API 56).<\/span><\/span><\/p>\n<p class=\"p1\"><span style=\"font-family: verdana, geneva, sans-serif;\"><span class=\"s1\">2. Caracterizaci\u00f3n fisicoqu\u00edmica de suelos, arenas, minerales arcillosos y fangos:<\/span><\/span><\/p>\n<p class=\"p1\"><span style=\"font-family: verdana, geneva, sans-serif;\"><span class=\"s1\">a. pH (ASTM D4972\u201301), Conductividad relaci\u00f3n 1:2.5 (SM 2110-B), Turbiedad (API 56), Cuantificaci\u00f3n de cationes y aniones solubles: Cl- (SM 4500-Cl- B); SO4-2 (SM 4500- SO4-2- B); Alcalinidad total (SM 2320-B); Na+, K+, Ca2+ y Mg2+(SM 3111-B), Capacidad de Intercambio cati\u00f3nico (CIC, M\u00e9todo de acetato de amonio), Contenido de humedad (M\u00e9todo seg\u00fan Jackson), Sales solubles totales (mediante curvas de calibraci\u00f3n).<\/span><\/span><\/p>\n<p class=\"p1\"><span style=\"font-family: verdana, geneva, sans-serif;\"><span class=\"s1\">Todos estos ensayos se realizan seg\u00fan m\u00e9todos estandarizados de an\u00e1lisis.<\/span><\/span><\/p>\n<p class=\"p1\"><em><span style=\"font-family: verdana, geneva, sans-serif;\"><span class=\"s1\">Servicios de Asistencia T\u00e9cnica:<\/span><\/span><\/em><\/p>\n<p class=\"p1\"><span style=\"font-family: verdana, geneva, sans-serif;\"><span class=\"s1\">Estudios de adsorci\u00f3n-desorci\u00f3n de vapor de agua sobre s\u00f3lidos de inter\u00e9s.<\/span><\/span><\/p>\n<p class=\"p1\"><span style=\"font-family: verdana, geneva, sans-serif;\"><span class=\"s1\">Estudios de retenci\u00f3n de diferentes especies sobre s\u00f3lidos de inter\u00e9s.<\/span><\/span><\/p>\n<p class=\"p1\"><span style=\"font-family: verdana, geneva, sans-serif;\"><span class=\"s1\">Formulaci\u00f3n de s\u00f3lidos aplicables en peloterapia.<\/span><\/span><\/p>\n<p class=\"p1\"><span style=\"font-family: verdana, geneva, sans-serif;\"><span class=\"s1\">Evaluaci\u00f3n de propiedades de hinchamiento y humedad sobre s\u00f3lidos.<\/span><\/span><\/p>\n<p class=\"p1\"><span style=\"font-family: verdana, geneva, sans-serif;\"><strong>Proyectos de investigaci\u00f3n y\/o extensi\u00f3n vinculados al grupo:<\/strong><\/span><\/p>\n<p class=\"p1\"><span style=\"font-family: verdana, geneva, sans-serif;\"><span class=\"s1\">Materiales adsorbentes naturales y modificados aplicados en termalismo, ambiente y actividades de aprendizaje ense\u00f1anza.<\/span><\/span><\/p>\n<p class=\"p1\"><span class=\"s1\" style=\"font-family: verdana, geneva, sans-serif;\"><strong>Responsable T\u00e9cnica y Administrativa:<\/strong> Dra. Mar\u00eda Eugenia Roca Jalil<\/span><\/p>\n<p class=\"p1\"><span style=\"font-family: verdana, geneva, sans-serif;\"><strong><span class=\"s1\">Contacto: <\/span><\/strong><\/span><span style=\"font-family: verdana, geneva, sans-serif;\"><a href=\"mailto:eugenia.rocajalil@fain.uncoma.edu.ar\"><span class=\"s1\">eugenia.rocajalil@fain.uncoma.edu.ar<\/span><\/a><\/span><\/p>\n<\/div>\n<\/div>\n<\/div>\n<\/div>\n<\/div>\n<\/div>\n<\/div>\n<\/section>\n<\/div>\n<p>&nbsp;<\/p>\n","protected":false},"excerpt":{"rendered":"<p>LABORATORIO DE ARCILLAS El Laboratorio de arcillas (LAR) fue creado  [&#8230;]<\/p>\n","protected":false},"author":12,"featured_media":0,"parent":0,"menu_order":0,"comment_status":"closed","ping_status":"closed","template":"","meta":{"_acf_changed":false,"footnotes":""},"class_list":["post-3501","page","type-page","status-publish","hentry"],"acf":[],"_links":{"self":[{"href":"https:\/\/fainweb.uncoma.edu.ar\/index.php\/wp-json\/wp\/v2\/pages\/3501","targetHints":{"allow":["GET"]}}],"collection":[{"href":"https:\/\/fainweb.uncoma.edu.ar\/index.php\/wp-json\/wp\/v2\/pages"}],"about":[{"href":"https:\/\/fainweb.uncoma.edu.ar\/index.php\/wp-json\/wp\/v2\/types\/page"}],"author":[{"embeddable":true,"href":"https:\/\/fainweb.uncoma.edu.ar\/index.php\/wp-json\/wp\/v2\/users\/12"}],"replies":[{"embeddable":true,"href":"https:\/\/fainweb.uncoma.edu.ar\/index.php\/wp-json\/wp\/v2\/comments?post=3501"}],"version-history":[{"count":3,"href":"https:\/\/fainweb.uncoma.edu.ar\/index.php\/wp-json\/wp\/v2\/pages\/3501\/revisions"}],"predecessor-version":[{"id":3580,"href":"https:\/\/fainweb.uncoma.edu.ar\/index.php\/wp-json\/wp\/v2\/pages\/3501\/revisions\/3580"}],"wp:attachment":[{"href":"https:\/\/fainweb.uncoma.edu.ar\/index.php\/wp-json\/wp\/v2\/media?parent=3501"}],"curies":[{"name":"wp","href":"https:\/\/api.w.org\/{rel}","templated":true}]}}