{"id":3498,"date":"2023-06-08T11:20:38","date_gmt":"2023-06-08T14:20:38","guid":{"rendered":"https:\/\/fainweb.uncoma.edu.ar\/?page_id=3498"},"modified":"2023-06-29T09:02:13","modified_gmt":"2023-06-29T12:02:13","slug":"grupo-de-metodos-numericos-experimentales","status":"publish","type":"page","link":"https:\/\/fainweb.uncoma.edu.ar\/index.php\/grupo-de-metodos-numericos-experimentales\/","title":{"rendered":"GRUPO DE M\u00c9TODOS NUM\u00c9RICOS EXPERIMENTALES"},"content":{"rendered":"<p><img decoding=\"async\" src=\"http:\/\/fainweb.uncoma.edu.ar\/wp-content\/uploads\/2021\/11\/icono05.png\" alt=\"\" width=\"200\" height=\"200\" class=\"size-full wp-image-2144 alignleft\" srcset=\"https:\/\/fainweb.uncoma.edu.ar\/wp-content\/uploads\/2021\/11\/icono05-66x66.png 66w, https:\/\/fainweb.uncoma.edu.ar\/wp-content\/uploads\/2021\/11\/icono05-150x150.png 150w, https:\/\/fainweb.uncoma.edu.ar\/wp-content\/uploads\/2021\/11\/icono05.png 200w\" sizes=\"(max-width: 200px) 100vw, 200px\" \/><img decoding=\"async\" src=\"http:\/\/fainweb.uncoma.edu.ar\/wp-content\/uploads\/2021\/10\/icono02.png\" alt=\"\" width=\"200\" height=\"200\" class=\"size-full wp-image-2132 alignleft\" srcset=\"https:\/\/fainweb.uncoma.edu.ar\/wp-content\/uploads\/2021\/10\/icono02-66x66.png 66w, https:\/\/fainweb.uncoma.edu.ar\/wp-content\/uploads\/2021\/10\/icono02-150x150.png 150w, https:\/\/fainweb.uncoma.edu.ar\/wp-content\/uploads\/2021\/10\/icono02.png 200w\" sizes=\"(max-width: 200px) 100vw, 200px\" \/><\/p>\n<p>&nbsp;<\/p>\n<p>&nbsp;<\/p>\n<p>&nbsp;<\/p>\n<p>&nbsp;<\/p>\n<p>&nbsp;<\/p>\n<p>&nbsp;<\/p>\n<p style=\"text-align: center;\"><span style=\"font-family: verdana, geneva, sans-serif; font-size: 14pt;\"><strong>GRUPO DE M\u00c9TODOS NUM\u00c9RICOS EXPERIMENTALES<\/strong><\/span><\/p>\n<p><span style=\"font-family: verdana, geneva, sans-serif;\"><strong>Breve descripci\u00f3n de las actividades que desarrolla el grupo:<\/strong><\/span><\/p>\n<p><span style=\"font-family: verdana, geneva, sans-serif;\">El Grupo de M\u00e9todos Num\u00e9rico Experimentales (GMNE), se ha consolidado desarrollando capacidades en el campo de los M\u00e9todos Num\u00e9ricos y en el desarrollo de sensores, incorporando integrantes que provienen de las \u00e1reas experimentales no destructivas y de caracterizaci\u00f3n de materiales.<\/span><\/p>\n<p class=\"p1\"><span style=\"font-family: verdana, geneva, sans-serif;\">Evaluaci\u00f3n por metodolog\u00edas din\u00e1micas no destructivas, de trasmisi\u00f3n de ondas y medici\u00f3n de vibraciones, en estructuras civiles complejas, as\u00ed como la modelaci\u00f3n num\u00e9rica de su comportamiento a los efectos de una caracterizaci\u00f3n completa del comportamiento.<\/span><\/p>\n<p class=\"p1\"><span class=\"s1\" style=\"font-family: verdana, geneva, sans-serif;\"><strong>Responsable T\u00e9cnica y Administrativa:<\/strong> Dra. Ing. Carina Caballero<\/span><\/p>\n<p><strong><span style=\"font-family: verdana, geneva, sans-serif;\">Integrantes:<\/span><\/strong><\/p>\n<p><span style=\"font-family: verdana, geneva, sans-serif;\">CABALLERO, Carina<br \/>\n<\/span><span style=\"font-family: verdana, geneva, sans-serif;\">CANAL, Carlos<br \/>\n<\/span><span style=\"font-family: verdana, geneva, sans-serif;\">FONOVICH, Pablo<br \/>\n<\/span><span style=\"font-family: verdana, geneva, sans-serif;\">GAUTO, Gabriela<br \/>\n<\/span><span style=\"font-family: verdana, geneva, sans-serif;\">PERNICH, Adriana<\/span><\/p>\n<p><span style=\"font-family: verdana, geneva, sans-serif;\"><strong>Proyectos de investigaci\u00f3n y\/o extensi\u00f3n vinculados al grupo:<\/strong><\/span><\/p>\n<p><span style=\"font-family: verdana, geneva, sans-serif;\">Proyecto UNCOMA PIN- 4\/I266; \u00bb Estudio Num\u00e9rico Experimental De Estructuras Y Materiales Complejos\u00bb Director de Proyecto: Prof. Dra. Adriana Pernich, Co Director de Proyecto: Prof. Dra. Carina R. Caballero. Agente evaluador: Universidad Nacional del Comahue. Per\u00edodo: 2022-2025.<\/span><\/p>\n<p><span style=\"font-family: verdana, geneva, sans-serif;\">Proyecto de Programa UNCOMA PIN- 04-I219; \u00abDesarrollo de sensores para procedimientos de evaluaci\u00f3n num\u00e9rico experimentales \u00bb Director de Proyecto: Prof. Dra. Carina R. Caballero, Co Director de Proyecto: Prof. Dra. Adriana Pernich, parte del Programa \u201cEvaluaci\u00f3n num\u00e9rica y experimental de sistemas en ingenier\u00eda\u201d, Director de Programa: Prof. Dra. M\u00f3nica Zalazar. Agente evaluador: Universidad Nacional del Comahue. Per\u00edodo: 2017-2021. Aprobado por Ordenanza 0905\/2017.<\/span><\/p>\n<p><span style=\"font-family: verdana, geneva, sans-serif;\">Proyecto de Programa UNCOMA PIN- 4\/I194; \u00abAn\u00e1lisis de estructuras y materiales complejos \u00bb Director de Proyecto: Prof. Dra. Carina R. Caballero, Co Director de Proyecto: Prof. Dra. Adriana Pernich, parte del Programa \u201cAn\u00e1lisis num\u00e9rico experimental de sistemas estructurales\u201d, Director de Programa: Prof. Dra. M\u00f3nica Zalazar. Agente evaluador: Universidad Nacional del Comahue. Per\u00edodo: 2013-2016. Aprobado por Ordenanza 1268\/2013. <\/span><\/p>\n<p><span style=\"font-family: verdana, geneva, sans-serif;\">Proyecto UNCOMA PIN- 44\/I154; \u00bb Evaluaci\u00f3n de Sistemas en Mec\u00e1nica de S\u00f3lidos y Estructuras utilizando Mediciones y Metodolog\u00edas Num\u00e9ricas \u00bb Director: Prof. Dr. Luis A. Godoy. Agente evaluador: Universidad Nacional del Comahue. Per\u00edodo: 2009-2012.<\/span><\/p>\n<p><span style=\"font-family: verdana, geneva, sans-serif;\">Proyecto UNCOMA PIN- 44\/I126; \u00bb Metodolog\u00edas de evaluaci\u00f3n num\u00e9rico experimental de sistemas en Mec\u00e1nica de S\u00f3lidos y Estructuras \u00bb Director: Prof. Dr. Luis A. Godoy. Agente evaluador: Universidad Nacional del Comahue. Per\u00edodo: 2005-2008.<\/span><\/p>\n<p class=\"p1\"><span style=\"font-family: verdana, geneva, sans-serif;\"><strong><span class=\"s1\">Contacto: <\/span><\/strong><a href=\"mailto:carina.caballero@fain.uncoma.edu.ar\"><span class=\"s1\">carina.caballero@fain.uncoma.edu.ar<\/span><\/a><\/span><\/p>\n<p><span style=\"font-family: verdana, geneva, sans-serif;\"><strong>Tel\u00e9fono:<\/strong> 299 4488303<\/span><\/p>\n","protected":false},"excerpt":{"rendered":"<p>&nbsp; &nbsp; &nbsp; &nbsp; &nbsp; &nbsp; GRUPO DE M\u00c9TODOS NUM\u00c9RICOS  [&#8230;]<\/p>\n","protected":false},"author":12,"featured_media":0,"parent":0,"menu_order":0,"comment_status":"closed","ping_status":"closed","template":"","meta":{"_acf_changed":false,"footnotes":""},"class_list":["post-3498","page","type-page","status-publish","hentry"],"acf":[],"_links":{"self":[{"href":"https:\/\/fainweb.uncoma.edu.ar\/index.php\/wp-json\/wp\/v2\/pages\/3498","targetHints":{"allow":["GET"]}}],"collection":[{"href":"https:\/\/fainweb.uncoma.edu.ar\/index.php\/wp-json\/wp\/v2\/pages"}],"about":[{"href":"https:\/\/fainweb.uncoma.edu.ar\/index.php\/wp-json\/wp\/v2\/types\/page"}],"author":[{"embeddable":true,"href":"https:\/\/fainweb.uncoma.edu.ar\/index.php\/wp-json\/wp\/v2\/users\/12"}],"replies":[{"embeddable":true,"href":"https:\/\/fainweb.uncoma.edu.ar\/index.php\/wp-json\/wp\/v2\/comments?post=3498"}],"version-history":[{"count":6,"href":"https:\/\/fainweb.uncoma.edu.ar\/index.php\/wp-json\/wp\/v2\/pages\/3498\/revisions"}],"predecessor-version":[{"id":3609,"href":"https:\/\/fainweb.uncoma.edu.ar\/index.php\/wp-json\/wp\/v2\/pages\/3498\/revisions\/3609"}],"wp:attachment":[{"href":"https:\/\/fainweb.uncoma.edu.ar\/index.php\/wp-json\/wp\/v2\/media?parent=3498"}],"curies":[{"name":"wp","href":"https:\/\/api.w.org\/{rel}","templated":true}]}}