{"id":3495,"date":"2023-06-08T11:10:25","date_gmt":"2023-06-08T14:10:25","guid":{"rendered":"https:\/\/fainweb.uncoma.edu.ar\/?page_id=3495"},"modified":"2023-07-03T09:35:57","modified_gmt":"2023-07-03T12:35:57","slug":"laboratorio-de-fisicoquimica","status":"publish","type":"page","link":"https:\/\/fainweb.uncoma.edu.ar\/index.php\/laboratorio-de-fisicoquimica\/","title":{"rendered":"LABORATORIO DE F\u00cdSICOQU\u00cdMICA"},"content":{"rendered":"<p><img decoding=\"async\" src=\"http:\/\/fainweb.uncoma.edu.ar\/wp-content\/uploads\/2021\/10\/icono01-3.png\" alt=\"\" width=\"200\" height=\"200\" class=\"alignnone size-full wp-image-2117\" srcset=\"https:\/\/fainweb.uncoma.edu.ar\/wp-content\/uploads\/2021\/10\/icono01-3-66x66.png 66w, https:\/\/fainweb.uncoma.edu.ar\/wp-content\/uploads\/2021\/10\/icono01-3-150x150.png 150w, https:\/\/fainweb.uncoma.edu.ar\/wp-content\/uploads\/2021\/10\/icono01-3.png 200w\" sizes=\"(max-width: 200px) 100vw, 200px\" \/> <img decoding=\"async\" src=\"http:\/\/fainweb.uncoma.edu.ar\/wp-content\/uploads\/2021\/10\/icono02.png\" alt=\"\" width=\"200\" height=\"200\" class=\"alignnone size-full wp-image-2132\" srcset=\"https:\/\/fainweb.uncoma.edu.ar\/wp-content\/uploads\/2021\/10\/icono02-66x66.png 66w, https:\/\/fainweb.uncoma.edu.ar\/wp-content\/uploads\/2021\/10\/icono02-150x150.png 150w, https:\/\/fainweb.uncoma.edu.ar\/wp-content\/uploads\/2021\/10\/icono02.png 200w\" sizes=\"(max-width: 200px) 100vw, 200px\" \/> <img decoding=\"async\" src=\"http:\/\/fainweb.uncoma.edu.ar\/wp-content\/uploads\/2021\/11\/icono05.png\" alt=\"\" width=\"200\" height=\"200\" class=\"alignnone size-full wp-image-2144\" srcset=\"https:\/\/fainweb.uncoma.edu.ar\/wp-content\/uploads\/2021\/11\/icono05-66x66.png 66w, https:\/\/fainweb.uncoma.edu.ar\/wp-content\/uploads\/2021\/11\/icono05-150x150.png 150w, https:\/\/fainweb.uncoma.edu.ar\/wp-content\/uploads\/2021\/11\/icono05.png 200w\" sizes=\"(max-width: 200px) 100vw, 200px\" \/><\/p>\n<p style=\"text-align: center;\"><span style=\"font-family: verdana, geneva, sans-serif; font-size: 14pt;\"><strong>LABORATORIO DE F\u00cdSICOQU\u00cdMICA<\/strong><\/span><\/p>\n<p><span style=\"font-family: verdana, geneva, sans-serif;\"><strong>Breve descripci\u00f3n de las actividades que desarrolla el grupo:<\/strong><\/span><\/p>\n<p><span style=\"font-family: verdana, geneva, sans-serif;\">Determinaci\u00f3n de propiedades f\u00edsicas, t\u00e9rmicas y de transporte de sistemas l\u00edquidos binarios y multicomponentes a distintas temperaturas. Aplicaci\u00f3n y an\u00e1lisis de modelos para predecir el comportamiento de las mezclas estudiadas.<\/span><\/p>\n<p><span style=\"font-family: verdana, geneva, sans-serif;\">Medici\u00f3n experimental y modelado de propiedades f\u00edsicas y t\u00e9rmicas de nanofluidos, para aplicaci\u00f3n en procesos de transferencia de calor.<\/span><\/p>\n<p><span style=\"font-family: verdana, geneva, sans-serif;\">Se determinan propiedades como: densidad, \u00edndice de refracci\u00f3n, viscosidad, conductividad t\u00e9rmica, tensi\u00f3n superficial, velocidad del sonido.<\/span><\/p>\n<p><span style=\"font-family: verdana, geneva, sans-serif;\"><em>Servicios de Asistencia T\u00e9cnica:<\/em><\/span><\/p>\n<p class=\"p1\"><span style=\"font-family: verdana, geneva, sans-serif;\">Determinaci\u00f3n de propiedades de hidrocarburos, fluidos y nanofluidos.<\/span><\/p>\n<p class=\"p1\"><span style=\"font-family: verdana, geneva, sans-serif;\"><strong>Proyectos de investigaci\u00f3n y\/o extensi\u00f3n vinculados al grupo:<\/strong><\/span><\/p>\n<p class=\"p1\"><span style=\"font-family: verdana, geneva, sans-serif;\">04\/I262 Desarrollo experimental y te\u00f3rico de sistemas fluidos y nanofluidos.<\/span><\/p>\n<p><span class=\"s1\" style=\"font-family: verdana, geneva, sans-serif;\"><strong>Responsable T\u00e9cnica y Administrativa:<\/strong> Dra. Alejandra Mariano<\/span><\/p>\n<p><span style=\"font-family: verdana, geneva, sans-serif;\"><strong>Integrantes:<\/strong>\u00a0<\/span><\/p>\n<p><span style=\"font-family: verdana, geneva, sans-serif;\">Alberto Camacho<br \/>\nLorena Carrizo<br \/>\nCarla Janyistabro<br \/>\nAlejandra Mariano<\/span><\/p>\n<p class=\"p1\"><span style=\"font-family: verdana, geneva, sans-serif;\"><strong><span class=\"s1\">Contacto: <\/span><\/strong><a href=\"mailto:alejandra.mariano@fain.uncoma.edu.ar\"><span class=\"s1\">alejandra.mariano@fain.uncoma.edu.ar <\/span><\/a><\/span><br \/>\n<span style=\"font-family: verdana, geneva, sans-serif;\"><span class=\"s1\">299 44900<\/span><span class=\"s1\">0 int 340<\/span><\/span><\/p>\n","protected":false},"excerpt":{"rendered":"<p>LABORATORIO DE F\u00cdSICOQU\u00cdMICA Breve descripci\u00f3n de las actividades que desarrolla  [&#8230;]<\/p>\n","protected":false},"author":12,"featured_media":0,"parent":0,"menu_order":0,"comment_status":"closed","ping_status":"closed","template":"","meta":{"_acf_changed":false,"footnotes":""},"class_list":["post-3495","page","type-page","status-publish","hentry"],"acf":[],"_links":{"self":[{"href":"https:\/\/fainweb.uncoma.edu.ar\/index.php\/wp-json\/wp\/v2\/pages\/3495","targetHints":{"allow":["GET"]}}],"collection":[{"href":"https:\/\/fainweb.uncoma.edu.ar\/index.php\/wp-json\/wp\/v2\/pages"}],"about":[{"href":"https:\/\/fainweb.uncoma.edu.ar\/index.php\/wp-json\/wp\/v2\/types\/page"}],"author":[{"embeddable":true,"href":"https:\/\/fainweb.uncoma.edu.ar\/index.php\/wp-json\/wp\/v2\/users\/12"}],"replies":[{"embeddable":true,"href":"https:\/\/fainweb.uncoma.edu.ar\/index.php\/wp-json\/wp\/v2\/comments?post=3495"}],"version-history":[{"count":3,"href":"https:\/\/fainweb.uncoma.edu.ar\/index.php\/wp-json\/wp\/v2\/pages\/3495\/revisions"}],"predecessor-version":[{"id":3626,"href":"https:\/\/fainweb.uncoma.edu.ar\/index.php\/wp-json\/wp\/v2\/pages\/3495\/revisions\/3626"}],"wp:attachment":[{"href":"https:\/\/fainweb.uncoma.edu.ar\/index.php\/wp-json\/wp\/v2\/media?parent=3495"}],"curies":[{"name":"wp","href":"https:\/\/api.w.org\/{rel}","templated":true}]}}