{"id":3492,"date":"2023-06-08T11:05:28","date_gmt":"2023-06-08T14:05:28","guid":{"rendered":"https:\/\/fainweb.uncoma.edu.ar\/?page_id=3492"},"modified":"2023-06-08T11:05:28","modified_gmt":"2023-06-08T14:05:28","slug":"grupo-de-meteorologia","status":"publish","type":"page","link":"https:\/\/fainweb.uncoma.edu.ar\/index.php\/grupo-de-meteorologia\/","title":{"rendered":"GRUPO DE METEOROLOG\u00cdA"},"content":{"rendered":"<p><img decoding=\"async\" src=\"http:\/\/fainweb.uncoma.edu.ar\/wp-content\/uploads\/2021\/10\/icono02.png\" alt=\"\" width=\"200\" height=\"200\" class=\"size-full wp-image-2132 alignleft\" srcset=\"https:\/\/fainweb.uncoma.edu.ar\/wp-content\/uploads\/2021\/10\/icono02-66x66.png 66w, https:\/\/fainweb.uncoma.edu.ar\/wp-content\/uploads\/2021\/10\/icono02-150x150.png 150w, https:\/\/fainweb.uncoma.edu.ar\/wp-content\/uploads\/2021\/10\/icono02.png 200w\" sizes=\"(max-width: 200px) 100vw, 200px\" \/><img decoding=\"async\" src=\"http:\/\/fainweb.uncoma.edu.ar\/wp-content\/uploads\/2021\/11\/icono05.png\" alt=\"\" width=\"200\" height=\"200\" class=\"size-full wp-image-2144 alignleft\" srcset=\"https:\/\/fainweb.uncoma.edu.ar\/wp-content\/uploads\/2021\/11\/icono05-66x66.png 66w, https:\/\/fainweb.uncoma.edu.ar\/wp-content\/uploads\/2021\/11\/icono05-150x150.png 150w, https:\/\/fainweb.uncoma.edu.ar\/wp-content\/uploads\/2021\/11\/icono05.png 200w\" sizes=\"(max-width: 200px) 100vw, 200px\" \/><\/p>\n<p>&nbsp;<\/p>\n<p>&nbsp;<\/p>\n<p>&nbsp;<\/p>\n<p>&nbsp;<\/p>\n<p>&nbsp;<\/p>\n<p>&nbsp;<\/p>\n<p style=\"text-align: center;\"><span style=\"font-family: verdana, geneva, sans-serif; font-size: 14pt;\"><strong>GRUPO DE METEOROLOGIA<\/strong><\/span><\/p>\n<p><span style=\"font-family: verdana, geneva, sans-serif;\"><strong>Breve descripci\u00f3n de las actividades que desarrolla el grupo:<\/strong><\/span><\/p>\n<p class=\"p1\"><span class=\"s1\" style=\"font-family: verdana, geneva, sans-serif;\">Realizamos investigaci\u00f3n y desarrollo, asesoramiento y transferencia en la problem\u00e1tica del viento y su efecto en construcciones, veh\u00edculos, estructuras, tanques, edificios y complejos habitacionales.<\/span><\/p>\n<p class=\"p1\"><span class=\"s1\" style=\"font-family: verdana, geneva, sans-serif;\">Estudios de Impacto Ambiental debido al viento.<\/span><\/p>\n<p class=\"p1\"><span class=\"s1\" style=\"font-family: verdana, geneva, sans-serif;\">Proyectos en Energ\u00eda E\u00f3lica.<\/span><\/p>\n<p class=\"p1\"><em><span style=\"font-family: verdana, geneva, sans-serif;\"><span class=\"s1\">Servicios Anal\u00edticos Especializados:<\/span><\/span><\/em><\/p>\n<p class=\"p1\"><span style=\"font-family: verdana, geneva, sans-serif;\"><span class=\"s1\">Utilizaci\u00f3n del T\u00fanel de Viento, seg\u00fan CIRSOC 102.<\/span><\/span><\/p>\n<p class=\"p1\"><em><span style=\"font-family: verdana, geneva, sans-serif;\"><span class=\"s1\">Servicios de Asistencia T\u00e9cnica:<\/span><\/span><\/em><\/p>\n<p class=\"p1\"><span style=\"font-family: verdana, geneva, sans-serif;\"><span class=\"s1\">En Impacto Ambiental por Viento, la metodolog\u00eda consiste en simulaciones virtuales con software CFD y simulaciones f\u00edsicas en t\u00fanel de viento.<\/span><\/span><\/p>\n<p class=\"p1\"><span style=\"font-family: verdana, geneva, sans-serif;\"><span class=\"s1\">Evaluaci\u00f3n del recurso e\u00f3lico para posibles inversores en parque e\u00f3licos.<\/span><\/span><\/p>\n<p class=\"p1\"><span style=\"font-family: verdana, geneva, sans-serif;\"><strong>Proyectos de investigaci\u00f3n y\/o extensi\u00f3n vinculados al grupo:<\/strong><\/span><\/p>\n<p class=\"p1\"><span style=\"font-family: verdana, geneva, sans-serif;\"><span class=\"s1\">Ingenier\u00eda del Viento III (04\/I228); Evaluaci\u00f3n de Recursos E\u00f3licos en Patagonia II (04\/I227).<\/span><\/span><\/p>\n<p><span class=\"s1\" style=\"font-family: verdana, geneva, sans-serif;\">Responsable T\u00e9cnico y Administrativo: Ing. Juan Valle Sosa<\/span><\/p>\n","protected":false},"excerpt":{"rendered":"<p>&nbsp; &nbsp; &nbsp; &nbsp; &nbsp; &nbsp; GRUPO DE METEOROLOGIA Breve  [&#8230;]<\/p>\n","protected":false},"author":12,"featured_media":0,"parent":0,"menu_order":0,"comment_status":"closed","ping_status":"closed","template":"","meta":{"_acf_changed":false,"footnotes":""},"class_list":["post-3492","page","type-page","status-publish","hentry"],"acf":[],"_links":{"self":[{"href":"https:\/\/fainweb.uncoma.edu.ar\/index.php\/wp-json\/wp\/v2\/pages\/3492","targetHints":{"allow":["GET"]}}],"collection":[{"href":"https:\/\/fainweb.uncoma.edu.ar\/index.php\/wp-json\/wp\/v2\/pages"}],"about":[{"href":"https:\/\/fainweb.uncoma.edu.ar\/index.php\/wp-json\/wp\/v2\/types\/page"}],"author":[{"embeddable":true,"href":"https:\/\/fainweb.uncoma.edu.ar\/index.php\/wp-json\/wp\/v2\/users\/12"}],"replies":[{"embeddable":true,"href":"https:\/\/fainweb.uncoma.edu.ar\/index.php\/wp-json\/wp\/v2\/comments?post=3492"}],"version-history":[{"count":1,"href":"https:\/\/fainweb.uncoma.edu.ar\/index.php\/wp-json\/wp\/v2\/pages\/3492\/revisions"}],"predecessor-version":[{"id":3493,"href":"https:\/\/fainweb.uncoma.edu.ar\/index.php\/wp-json\/wp\/v2\/pages\/3492\/revisions\/3493"}],"wp:attachment":[{"href":"https:\/\/fainweb.uncoma.edu.ar\/index.php\/wp-json\/wp\/v2\/media?parent=3492"}],"curies":[{"name":"wp","href":"https:\/\/api.w.org\/{rel}","templated":true}]}}