{"id":3488,"date":"2023-06-08T10:57:23","date_gmt":"2023-06-08T13:57:23","guid":{"rendered":"https:\/\/fainweb.uncoma.edu.ar\/?page_id=3488"},"modified":"2023-06-08T10:59:12","modified_gmt":"2023-06-08T13:59:12","slug":"auditoria-de-revision-tecnica-vehicular","status":"publish","type":"page","link":"https:\/\/fainweb.uncoma.edu.ar\/index.php\/auditoria-de-revision-tecnica-vehicular\/","title":{"rendered":"AUDITOR\u00cdA DE REVISI\u00d3N T\u00c9CNICA VEHICULAR"},"content":{"rendered":"<p><img decoding=\"async\" src=\"http:\/\/fainweb.uncoma.edu.ar\/wp-content\/uploads\/2021\/10\/icono02.png\" alt=\"\" width=\"200\" height=\"200\" class=\"size-full wp-image-2132 alignleft\" srcset=\"https:\/\/fainweb.uncoma.edu.ar\/wp-content\/uploads\/2021\/10\/icono02-66x66.png 66w, https:\/\/fainweb.uncoma.edu.ar\/wp-content\/uploads\/2021\/10\/icono02-150x150.png 150w, https:\/\/fainweb.uncoma.edu.ar\/wp-content\/uploads\/2021\/10\/icono02.png 200w\" sizes=\"(max-width: 200px) 100vw, 200px\" \/><\/p>\n<p>&nbsp;<\/p>\n<p>&nbsp;<\/p>\n<p>&nbsp;<\/p>\n<p>&nbsp;<\/p>\n<p>&nbsp;<\/p>\n<p>&nbsp;<\/p>\n<p style=\"text-align: center;\"><strong><span style=\"font-family: verdana, geneva, sans-serif; font-size: 14pt;\">AUDITOR\u00cdA DE REVISI\u00d3N T\u00c9CNICA VEHICULAR<\/span><\/strong><\/p>\n<p><span style=\"font-family: verdana, geneva, sans-serif;\"><strong>Breve descripci\u00f3n de las actividades que desarrolla el grupo:<\/strong><\/span><\/p>\n<p class=\"p1\"><span class=\"s1\" style=\"font-family: verdana, geneva, sans-serif;\">A partir de la implementaci\u00f3n de la Ley Nacional de Tr\u00e1nsito N\u00b0 24.449, la Universidad firm\u00f3 convenios con los Gobiernos de las provincias de R\u00edo Negro y Neuqu\u00e9n. Esto permiti\u00f3 que el Grupo ART realice auditor\u00edas peri\u00f3dicas de las Plantas de Revisi\u00f3n T\u00e9cnica Vehicular en ambas provincias. Estos convenios tambi\u00e9n permitieron que el Grupo desarrolle e implemente un software espec\u00edfico para centralizar la informaci\u00f3n de las Plantas de Revisi\u00f3n T\u00e9cnica.<\/span><\/p>\n<p class=\"p1\"><span class=\"s1\" style=\"font-family: verdana, geneva, sans-serif;\">En funci\u00f3n al trabajo realizado en las provincias, recientemente se firm\u00f3 en la Facultad un convenio marco para desarrollar un software para la fiscalizaci\u00f3n por parte de la Agencia Nacional de Seguridad Vial. Somos la \u00fanica Universidad del pa\u00eds que tenemos este tipo de convenio.<\/span><\/p>\n<p class=\"p1\"><span class=\"s1\" style=\"font-family: verdana, geneva, sans-serif;\">Por otro lado, el Grupo ART es el \u00fanico que est\u00e1 autorizado en la zona para realizar los informes t\u00e9cnicos Certificados de Seguridad Vial (CSV), que les permiten a las empresas petroleras e hidrocarbur\u00edferas iniciar el proceso de patentamiento de equipos importados.<\/span><\/p>\n<p class=\"p1\"><em><span style=\"font-family: verdana, geneva, sans-serif;\"><span class=\"s1\">Servicios de Asistencia T\u00e9cnica:<\/span><\/span><\/em><\/p>\n<p class=\"p1\"><span style=\"font-family: verdana, geneva, sans-serif;\"><span class=\"s1\">Auditor\u00edas a talleres de RTO de las provincias del Neuqu\u00e9n y de R\u00edo Negro.<\/span><\/span><\/p>\n<p class=\"p1\"><span class=\"s1\" style=\"font-family: verdana, geneva, sans-serif;\"><strong>Responsable T\u00e9cnico y Administrativo:<\/strong> Ing. Dami\u00e1n Campos<\/span><\/p>\n<p class=\"p1\"><span style=\"font-family: verdana, geneva, sans-serif;\"><span class=\"s1\">Contacto: <\/span><\/span><span style=\"font-family: verdana, geneva, sans-serif;\"><a href=\"mailto:damian.campos@fain.uncoma.edu.ar\"><span class=\"s1\">damian.campos@fain.uncoma.edu.ar<\/span><\/a><\/span><\/p>\n","protected":false},"excerpt":{"rendered":"<p>&nbsp; &nbsp; &nbsp; &nbsp; &nbsp; &nbsp; AUDITOR\u00cdA DE REVISI\u00d3N T\u00c9CNICA  [&#8230;]<\/p>\n","protected":false},"author":12,"featured_media":0,"parent":0,"menu_order":0,"comment_status":"closed","ping_status":"closed","template":"","meta":{"_acf_changed":false,"footnotes":""},"class_list":["post-3488","page","type-page","status-publish","hentry"],"acf":[],"_links":{"self":[{"href":"https:\/\/fainweb.uncoma.edu.ar\/index.php\/wp-json\/wp\/v2\/pages\/3488","targetHints":{"allow":["GET"]}}],"collection":[{"href":"https:\/\/fainweb.uncoma.edu.ar\/index.php\/wp-json\/wp\/v2\/pages"}],"about":[{"href":"https:\/\/fainweb.uncoma.edu.ar\/index.php\/wp-json\/wp\/v2\/types\/page"}],"author":[{"embeddable":true,"href":"https:\/\/fainweb.uncoma.edu.ar\/index.php\/wp-json\/wp\/v2\/users\/12"}],"replies":[{"embeddable":true,"href":"https:\/\/fainweb.uncoma.edu.ar\/index.php\/wp-json\/wp\/v2\/comments?post=3488"}],"version-history":[{"count":2,"href":"https:\/\/fainweb.uncoma.edu.ar\/index.php\/wp-json\/wp\/v2\/pages\/3488\/revisions"}],"predecessor-version":[{"id":3490,"href":"https:\/\/fainweb.uncoma.edu.ar\/index.php\/wp-json\/wp\/v2\/pages\/3488\/revisions\/3490"}],"wp:attachment":[{"href":"https:\/\/fainweb.uncoma.edu.ar\/index.php\/wp-json\/wp\/v2\/media?parent=3488"}],"curies":[{"name":"wp","href":"https:\/\/api.w.org\/{rel}","templated":true}]}}