{"id":3462,"date":"2023-06-07T13:58:52","date_gmt":"2023-06-07T16:58:52","guid":{"rendered":"https:\/\/fainweb.uncoma.edu.ar\/?page_id=3462"},"modified":"2023-06-07T14:00:59","modified_gmt":"2023-06-07T17:00:59","slug":"capacitacion-continua-en-ingenieria-de-hidrocarburos","status":"publish","type":"page","link":"https:\/\/fainweb.uncoma.edu.ar\/index.php\/capacitacion-continua-en-ingenieria-de-hidrocarburos\/","title":{"rendered":"CAPACITACI\u00d3N CONT\u00cdNUA EN INGENIER\u00cdA DE HIDROCARBUROS"},"content":{"rendered":"<p><img decoding=\"async\" src=\"http:\/\/fainweb.uncoma.edu.ar\/wp-content\/uploads\/2021\/10\/icono03-2.png\" alt=\"\" width=\"200\" height=\"200\" class=\"alignnone size-full wp-image-2109 aligncenter\" srcset=\"https:\/\/fainweb.uncoma.edu.ar\/wp-content\/uploads\/2021\/10\/icono03-2-66x66.png 66w, https:\/\/fainweb.uncoma.edu.ar\/wp-content\/uploads\/2021\/10\/icono03-2-150x150.png 150w, https:\/\/fainweb.uncoma.edu.ar\/wp-content\/uploads\/2021\/10\/icono03-2.png 200w\" sizes=\"(max-width: 200px) 100vw, 200px\" \/><\/p>\n<p style=\"text-align: center;\"><span style=\"font-family: verdana, geneva, sans-serif; font-size: 14pt;\"><strong>CAPACITACI\u00d3N CONT\u00cdNUA EN INGENIER\u00cdA DE HIDROCARBUROS<\/strong><\/span><\/p>\n<p><span style=\"font-family: verdana, geneva, sans-serif;\"><strong>Breve descripci\u00f3n de las actividades que desarrolla el grupo:<\/strong><\/span><\/p>\n<p class=\"p1\"><span class=\"s1\" style=\"font-family: verdana, geneva, sans-serif;\">El grupo de transferencia CIH ha brindado desde el a\u00f1o 2018 cursos In Company para la Empresa Bolland y PECom, como as\u00ed tambi\u00e9n servicio de capacitaci\u00f3n para empresas.<\/span><\/p>\n<p class=\"p1\"><span style=\"font-family: verdana, geneva, sans-serif;\"><em><span class=\"s1\">Servicios de Formaci\u00f3n y Capacitaci\u00f3n:<\/span><\/em><\/span><\/p>\n<ul style=\"list-style-type: circle;\">\n<li class=\"p1\"><span class=\"s1\" style=\"font-family: verdana, geneva, sans-serif;\">Procesos de tratamiento del petr\u00f3leo y el gas<\/span><\/li>\n<li class=\"p1\"><span class=\"s1\" style=\"font-family: verdana, geneva, sans-serif;\">Separadores de fases<\/span><\/li>\n<li class=\"p1\"><span class=\"s1\" style=\"font-family: verdana, geneva, sans-serif;\">Desalaci\u00f3n con equipo electrost\u00e1tico<\/span><\/li>\n<li class=\"p1\"><span class=\"s1\" style=\"font-family: verdana, geneva, sans-serif;\">Unidad de medici\u00f3n: Unidad LAC<\/span><\/li>\n<li class=\"p1\"><span class=\"s1\" style=\"font-family: verdana, geneva, sans-serif;\">Identificaci\u00f3n de v\u00e1lvulas de procesos<\/span><\/li>\n<li class=\"p1\"><span class=\"s1\" style=\"font-family: verdana, geneva, sans-serif;\">Identificaci\u00f3n de bombas de procesos<\/span><\/li>\n<li class=\"p1\"><span class=\"s1\" style=\"font-family: verdana, geneva, sans-serif;\">Introducci\u00f3n a la industria del petr\u00f3leo y el gas<\/span><\/li>\n<li class=\"p1\"><span class=\"s1\" style=\"font-family: verdana, geneva, sans-serif;\">Otros, a demanda.<\/span><\/li>\n<\/ul>\n<p><span class=\"s1\" style=\"font-family: verdana, geneva, sans-serif;\"><strong>Responsable T\u00e9cnico y Administrativo:<\/strong> Mg. Ing. Sergio Abrigo<\/span><\/p>\n<p class=\"p1\"><span style=\"font-family: verdana, geneva, sans-serif;\"><strong><span class=\"s1\">Contacto: <\/span><\/strong><a href=\"mailto:sergio.abrigo@fain.uncoma.edu.ar\"><span class=\"s1\">sergio.abrigo@fain.uncoma.edu.ar<\/span><\/a><\/span><\/p>\n","protected":false},"excerpt":{"rendered":"<p>CAPACITACI\u00d3N CONT\u00cdNUA EN INGENIER\u00cdA DE HIDROCARBUROS Breve descripci\u00f3n de las  [&#8230;]<\/p>\n","protected":false},"author":12,"featured_media":0,"parent":0,"menu_order":0,"comment_status":"closed","ping_status":"closed","template":"","meta":{"_acf_changed":false,"footnotes":""},"class_list":["post-3462","page","type-page","status-publish","hentry"],"acf":[],"_links":{"self":[{"href":"https:\/\/fainweb.uncoma.edu.ar\/index.php\/wp-json\/wp\/v2\/pages\/3462","targetHints":{"allow":["GET"]}}],"collection":[{"href":"https:\/\/fainweb.uncoma.edu.ar\/index.php\/wp-json\/wp\/v2\/pages"}],"about":[{"href":"https:\/\/fainweb.uncoma.edu.ar\/index.php\/wp-json\/wp\/v2\/types\/page"}],"author":[{"embeddable":true,"href":"https:\/\/fainweb.uncoma.edu.ar\/index.php\/wp-json\/wp\/v2\/users\/12"}],"replies":[{"embeddable":true,"href":"https:\/\/fainweb.uncoma.edu.ar\/index.php\/wp-json\/wp\/v2\/comments?post=3462"}],"version-history":[{"count":3,"href":"https:\/\/fainweb.uncoma.edu.ar\/index.php\/wp-json\/wp\/v2\/pages\/3462\/revisions"}],"predecessor-version":[{"id":3465,"href":"https:\/\/fainweb.uncoma.edu.ar\/index.php\/wp-json\/wp\/v2\/pages\/3462\/revisions\/3465"}],"wp:attachment":[{"href":"https:\/\/fainweb.uncoma.edu.ar\/index.php\/wp-json\/wp\/v2\/media?parent=3462"}],"curies":[{"name":"wp","href":"https:\/\/api.w.org\/{rel}","templated":true}]}}