{"id":3455,"date":"2023-06-07T13:54:32","date_gmt":"2023-06-07T16:54:32","guid":{"rendered":"https:\/\/fainweb.uncoma.edu.ar\/?page_id=3455"},"modified":"2023-06-07T13:54:32","modified_gmt":"2023-06-07T16:54:32","slug":"laboratorio-de-cromatografia","status":"publish","type":"page","link":"https:\/\/fainweb.uncoma.edu.ar\/index.php\/laboratorio-de-cromatografia\/","title":{"rendered":"LABORATORIO DE CROMATOGRAF\u00cdA"},"content":{"rendered":"<p><img decoding=\"async\" src=\"http:\/\/fainweb.uncoma.edu.ar\/wp-content\/uploads\/2021\/10\/icono01-3.png\" alt=\"\" width=\"200\" height=\"200\" class=\"alignnone size-full wp-image-2117\" srcset=\"https:\/\/fainweb.uncoma.edu.ar\/wp-content\/uploads\/2021\/10\/icono01-3-66x66.png 66w, https:\/\/fainweb.uncoma.edu.ar\/wp-content\/uploads\/2021\/10\/icono01-3-150x150.png 150w, https:\/\/fainweb.uncoma.edu.ar\/wp-content\/uploads\/2021\/10\/icono01-3.png 200w\" sizes=\"(max-width: 200px) 100vw, 200px\" \/> <img decoding=\"async\" src=\"http:\/\/fainweb.uncoma.edu.ar\/wp-content\/uploads\/2021\/10\/icono03-2.png\" alt=\"\" width=\"200\" height=\"200\" class=\"alignnone size-full wp-image-2109\" srcset=\"https:\/\/fainweb.uncoma.edu.ar\/wp-content\/uploads\/2021\/10\/icono03-2-66x66.png 66w, https:\/\/fainweb.uncoma.edu.ar\/wp-content\/uploads\/2021\/10\/icono03-2-150x150.png 150w, https:\/\/fainweb.uncoma.edu.ar\/wp-content\/uploads\/2021\/10\/icono03-2.png 200w\" sizes=\"(max-width: 200px) 100vw, 200px\" \/><\/p>\n<p style=\"text-align: center;\"><span style=\"font-size: 14pt;\">LABORATORIO DE CROMATOGRAF\u00cdA<\/span><\/p>\n<p><strong>Breve descripci\u00f3n de las actividades que desarrolla el grupo:<\/strong><\/p>\n<p><span>Nuestras l\u00edneas de investigaci\u00f3n y transferencia se relacionan con el an\u00e1lisis fisicoqu\u00edmico de matrices ambientales, el monitoreo de contaminantes org\u00e1nicos e inorg\u00e1nicos y metodolog\u00edas de remediaci\u00f3n. El an\u00e1lisis ambiental se complementa con la correlaci\u00f3n con los efectos sobre las comunidades de macroinvertebrados en agua y sedimentos, y la extrapolaci\u00f3n con empleo de GIS (Sistema de Informaci\u00f3n geogr\u00e1fica) y PIRI (Pesticide Impact Rating Index).<br \/>\n<\/span><\/p>\n<p><span>Se desarrollan m\u00e9todos de remoci\u00f3n de contaminantes sintetizando nanoadsorbentes a partir de materiales naturales como arcillas, \u00f3xidos de hierro y grafito.<br \/>\n<\/span><\/p>\n<p><span>Los integrantes del Laboratorio de Cromatograf\u00eda estamos comprometidos con la buena pr\u00e1ctica profesional, la calidad, confiabilidad, confidencialidad, imparcialidad y oportunidad de mejora en la realizaci\u00f3n de ensayos, tanto en investigaci\u00f3n como en transferencia, basados en m\u00e9todos normalizados, fiables y conformes a nuestro Sistema de Gesti\u00f3n de la Calidad seg\u00fan los criterios establecidos en la Norma ISO\/IEC 17025:2017.<\/span><\/p>\n<p><em>Servicios Anal\u00edticos Especializados:<\/em><\/p>\n<p>HIDROCARBUROS TOTALES DE PETR\u00d3LEO<br \/>\n(TPH: C6-C36)-TPH-DROTPH-GRO M\u00e9todo TNRCC 1005 EPA 8015D CG-FID<\/p>\n<p>HIDROCARBUROS POLIAROMATICOS<br \/>\n(PAHs) \u2013 M\u00e9todo TNRCC 1006 EPA 8015D CG-FID<br \/>\n16 EPA priority PAHs \u2013 M\u00e9todo EPA 3630 \u2013 EPA 8270 CG-MS<br \/>\nBTEX-MTBE-M\u00e9todo EPA 3810HS \u2013 EPA 8015-CG-FID<br \/>\nFAME- M\u00e9todo EN 14103:2011<\/p>\n<p>Plaguicidas organofosforados y carbamatos: extracci\u00f3n en fase s\u00f3lida (SPE), m\u00e9todo USEPA 3535A (modificado). Carbamatos y Difenilamina: CG-NPD, CG-MS<\/p>\n<p>Plaguicidas organoclorados y piretroides: extracci\u00f3n l\u00edquido-l\u00edquido, m\u00e9todo USEPA 8081B (modificado). CG- \u00b5 ECD.<\/p>\n<p>Fungicidas, Etoxiquina y Difenilamina: Analysis of Pesticides Residues in Human and Environmental Samples: The sampling and analysis of water for pesticides, Section 10\u00aa, 1-25 (USEPA, 1984) (modificado). HPLC-UV, CG-MS.<\/p>\n<p><em>Otros servicios y actividades especiales:<\/em><\/p>\n<p>BIODEGRADACI\u00d3N DE HIDROCARBUROS:<br \/>\nDise\u00f1o de ensayos a escala laboratorio y escala piloto.<br \/>\nBiopilas \u2013 Landfarming.<\/p>\n<p><em>Servicios de formaci\u00f3n y capacitaci\u00f3n:<\/em><\/p>\n<p>T\u00e9cnicas de muestreo.<br \/>\nM\u00e9todos de an\u00e1lisis de contaminantes.<\/p>\n<p><strong><span>Proyectos de investigaci\u00f3n y\/o extensi\u00f3n vinculados al grupo:<\/span><\/strong><\/p>\n<p>PIN I 252- Modificaci\u00f3n superficial y estructural de nanoadsorbentes para aplicaciones ambientales y determinaci\u00f3n de trazas de contaminantes org\u00e1nicos.<br \/>\nPIN I 237- Efectos de estresores m\u00faltiples en comunidades acu\u00e1ticas.<br \/>\nEstrategias integradas para la evaluaci\u00f3n de impactos y la remoci\u00f3n de contaminantes en agua.<\/p>\n<p><span><strong>Responsable T\u00e9cnico:<\/strong> Dra. Mar\u00eda Eugenia Parolo<\/span><br \/>\n<span><strong>Responsable Administrativo:<\/strong> Lic. Israel Funes<\/span><\/p>\n<p><strong><span>Contacto:<\/span><\/strong><br \/>\n<span><a link=\"#b8e4ff\" vlink=\"#FFFFFF\" alink=\"#b8e4ff\" target=\"blank\" href=\"mailto:maria.parolo@fain.uncoma.edu.ar\" rel=\"noopener\">maria.parolo@fain.uncoma.edu.ar<\/a><\/span><br \/>\n299 449000 interno 678<\/p>\n","protected":false},"excerpt":{"rendered":"<p>LABORATORIO DE CROMATOGRAF\u00cdA Breve descripci\u00f3n de las actividades que desarrolla  [&#8230;]<\/p>\n","protected":false},"author":12,"featured_media":0,"parent":0,"menu_order":0,"comment_status":"closed","ping_status":"closed","template":"","meta":{"_acf_changed":false,"footnotes":""},"class_list":["post-3455","page","type-page","status-publish","hentry"],"acf":[],"_links":{"self":[{"href":"https:\/\/fainweb.uncoma.edu.ar\/index.php\/wp-json\/wp\/v2\/pages\/3455","targetHints":{"allow":["GET"]}}],"collection":[{"href":"https:\/\/fainweb.uncoma.edu.ar\/index.php\/wp-json\/wp\/v2\/pages"}],"about":[{"href":"https:\/\/fainweb.uncoma.edu.ar\/index.php\/wp-json\/wp\/v2\/types\/page"}],"author":[{"embeddable":true,"href":"https:\/\/fainweb.uncoma.edu.ar\/index.php\/wp-json\/wp\/v2\/users\/12"}],"replies":[{"embeddable":true,"href":"https:\/\/fainweb.uncoma.edu.ar\/index.php\/wp-json\/wp\/v2\/comments?post=3455"}],"version-history":[{"count":1,"href":"https:\/\/fainweb.uncoma.edu.ar\/index.php\/wp-json\/wp\/v2\/pages\/3455\/revisions"}],"predecessor-version":[{"id":3459,"href":"https:\/\/fainweb.uncoma.edu.ar\/index.php\/wp-json\/wp\/v2\/pages\/3455\/revisions\/3459"}],"wp:attachment":[{"href":"https:\/\/fainweb.uncoma.edu.ar\/index.php\/wp-json\/wp\/v2\/media?parent=3455"}],"curies":[{"name":"wp","href":"https:\/\/api.w.org\/{rel}","templated":true}]}}