{"id":3435,"date":"2023-06-07T09:48:49","date_gmt":"2023-06-07T12:48:49","guid":{"rendered":"https:\/\/fainweb.uncoma.edu.ar\/?page_id=3435"},"modified":"2023-06-07T13:01:58","modified_gmt":"2023-06-07T16:01:58","slug":"laboratorio-de-ingenieria-optica","status":"publish","type":"page","link":"https:\/\/fainweb.uncoma.edu.ar\/index.php\/laboratorio-de-ingenieria-optica\/","title":{"rendered":"LABORATORIO DE INGENIER\u00cdA \u00d3PTICA"},"content":{"rendered":"<p style=\"text-align: center;\"><strong><span style=\"font-family: verdana, geneva, sans-serif; font-size: 14pt;\">LABORATORIO DE INGENIER\u00cdA \u00d3PTICA<\/span><\/strong><\/p>\n<p><span style=\"font-family: verdana, geneva, sans-serif;\"><strong>Breve descripci\u00f3n de las actividades que desarrolla el grupo:<\/strong><\/span><\/p>\n<p><span style=\"font-family: verdana, geneva, sans-serif;\">Desarrollo de circuitos integrados fotodetectores. Metrolog\u00eda \u00f3ptica. Caracterizaci\u00f3n \u00f3ptica de rugosidad. Dise\u00f1o de circuitos de medici\u00f3n espec\u00edficos el\u00e9ctricos\/electr\u00f3nicos<\/span><\/p>\n<p><span style=\"font-family: verdana, geneva, sans-serif;\"><strong>Proyectos de investigaci\u00f3n y\/o extensi\u00f3n vinculados al grupo:<\/strong><\/span><\/p>\n<p><span style=\"font-family: verdana, geneva, sans-serif;\">PIN 04\/I272 \u201cDise\u00f1o de sensores y sistemas \u00f3pticos para metrolog\u00eda y ensayo de materiales\u201d.<\/span><\/p>\n<p><span style=\"font-family: verdana, geneva, sans-serif;\"><strong>Responsable T\u00e9cnico y Administrativo:<\/strong> Dr. Fernando P\u00e9rez Quinti\u00e1n<\/span><\/p>\n<p><span style=\"font-family: verdana, geneva, sans-serif;\"><strong>Integrantes:<\/strong> Dr. Nicol\u00e1s Calarco &#8211;\u00a0Dr. Mat\u00edas C\u00f3rdoba<\/span><\/p>\n<p><span style=\"font-family: verdana, geneva, sans-serif;\"><strong>Contacto:\u00a0<\/strong><a href=\"mailto:fernando.perez.quintian@gmail.com\">fernando.perez.quintian@gmail.com<\/a><\/span><\/p>\n","protected":false},"excerpt":{"rendered":"<p>LABORATORIO DE INGENIER\u00cdA \u00d3PTICA Breve descripci\u00f3n de las actividades que  [&#8230;]<\/p>\n","protected":false},"author":12,"featured_media":2132,"parent":0,"menu_order":0,"comment_status":"closed","ping_status":"closed","template":"","meta":{"_acf_changed":false,"footnotes":""},"class_list":["post-3435","page","type-page","status-publish","has-post-thumbnail","hentry"],"acf":[],"_links":{"self":[{"href":"https:\/\/fainweb.uncoma.edu.ar\/index.php\/wp-json\/wp\/v2\/pages\/3435","targetHints":{"allow":["GET"]}}],"collection":[{"href":"https:\/\/fainweb.uncoma.edu.ar\/index.php\/wp-json\/wp\/v2\/pages"}],"about":[{"href":"https:\/\/fainweb.uncoma.edu.ar\/index.php\/wp-json\/wp\/v2\/types\/page"}],"author":[{"embeddable":true,"href":"https:\/\/fainweb.uncoma.edu.ar\/index.php\/wp-json\/wp\/v2\/users\/12"}],"replies":[{"embeddable":true,"href":"https:\/\/fainweb.uncoma.edu.ar\/index.php\/wp-json\/wp\/v2\/comments?post=3435"}],"version-history":[{"count":3,"href":"https:\/\/fainweb.uncoma.edu.ar\/index.php\/wp-json\/wp\/v2\/pages\/3435\/revisions"}],"predecessor-version":[{"id":3453,"href":"https:\/\/fainweb.uncoma.edu.ar\/index.php\/wp-json\/wp\/v2\/pages\/3435\/revisions\/3453"}],"wp:featuredmedia":[{"embeddable":true,"href":"https:\/\/fainweb.uncoma.edu.ar\/index.php\/wp-json\/wp\/v2\/media\/2132"}],"wp:attachment":[{"href":"https:\/\/fainweb.uncoma.edu.ar\/index.php\/wp-json\/wp\/v2\/media?parent=3435"}],"curies":[{"name":"wp","href":"https:\/\/api.w.org\/{rel}","templated":true}]}}