{"id":3420,"date":"2023-06-06T12:49:11","date_gmt":"2023-06-06T15:49:11","guid":{"rendered":"https:\/\/fainweb.uncoma.edu.ar\/?page_id=3420"},"modified":"2024-11-06T12:05:28","modified_gmt":"2024-11-06T15:05:28","slug":"grupos-y-laboratorios-ejecutores-de-actividades-de-transferencia","status":"publish","type":"page","link":"https:\/\/fainweb.uncoma.edu.ar\/index.php\/grupos-y-laboratorios-ejecutores-de-actividades-de-transferencia\/","title":{"rendered":"Grupos y Laboratorios ejecutores de Actividades de Transferencia"},"content":{"rendered":"<p>&nbsp;<\/p>\n<p>Los Grupos \/ Laboratorios ejecutores de Actividades de Transferencia que desarrollan prestan sus servicios en el \u00e1mbito de la Facultad de Ingenier\u00eda son los siguientes:<\/p>\n<ul style=\"list-style-type: square;\">\n<li><strong><a href=\"https:\/\/fainweb.uncoma.edu.ar\/index.php\/vinculacion-tecnologica\/transferencia-tecnologica\/auditoriasdemediciondeproduccion\/\">AUDITOR\u00cdAS DE MEDICI\u00d3N DE PRODUCCI\u00d3N<\/a><\/strong><\/li>\n<li><a href=\"https:\/\/fainweb.uncoma.edu.ar\/index.php\/auditoria-de-revision-tecnica-vehicular\/\"><strong>AUDITOR\u00cdA DE REVISI\u00d3N T\u00c9CNICA VEHICULAR<\/strong><\/a><\/li>\n<li><a href=\"https:\/\/fainweb.uncoma.edu.ar\/index.php\/capacitacion-continua-en-ingenieria-de-hidrocarburos\/\"><strong>CAPACITACI\u00d3N CONT\u00cdNUA EN INGENIER\u00cdA DE HIDROCARBUROS<\/strong><\/a><\/li>\n<li><a href=\"https:\/\/fainweb.uncoma.edu.ar\/index.php\/centro-de-investigacion-en-geociencias-de-la-patagonia\/\"><strong>CENTRO DE INVESTIGACI\u00d3N EN GEOCIENCIAS DE LA PATAGONIA<\/strong><\/a><\/li>\n<li><a href=\"https:\/\/fainweb.uncoma.edu.ar\/index.php\/depuracion-de-aguas-residuales\/\"><strong>DEPURACI\u00d3N DE AGUAS RESIDUALES<\/strong><\/a><\/li>\n<li><a href=\"https:\/\/fainweb.uncoma.edu.ar\/index.php\/grupo-de-analisis-estructural\/\"><strong>GRUPO DE ANALISIS ESTRUCTURAL<\/strong><\/a><\/li>\n<li><a href=\"https:\/\/fainweb.uncoma.edu.ar\/index.php\/grupo-de-comunicaciones-y-eficiencia-energetica\/\"><strong>GRUPO DE COMUNICACIONES Y EFICIENCIA ENERG\u00c9TICA<\/strong><\/a><\/li>\n<li><a href=\"https:\/\/fainweb.uncoma.edu.ar\/index.php\/grupo-de-electronica-industrial-y-aplicada\/\"><strong>GRUPO DE ELECTR\u00d3NICA INDUSTRIAL Y APLICADA<\/strong><\/a><\/li>\n<li><strong><a href=\"https:\/\/fainweb.uncoma.edu.ar\/index.php\/grupo-de-medios-porosos\/\">GRUPO DE MEDIOS POROSOS<\/a><\/strong><\/li>\n<li><a href=\"https:\/\/fainweb.uncoma.edu.ar\/index.php\/grupo-de-meteorologia\/\"><strong>GRUPO DE METEOROLOGIA<\/strong><\/a><\/li>\n<li><a href=\"https:\/\/fainweb.uncoma.edu.ar\/index.php\/grupo-de-metodos-numericos-experimentales\/\"><strong>GRUPO DE M\u00c9TODOS NUM\u00c9RICOS EXPERIMENTALES<\/strong><\/a><\/li>\n<li><strong><a href=\"https:\/\/fainweb.uncoma.edu.ar\/index.php\/grupo-mediciones\/\">GRUPO MEDICIONES<\/a><\/strong><\/li>\n<li><strong><a href=\"https:\/\/fainweb.uncoma.edu.ar\/index.php\/grupo-oat\/\" target=\"_blank\" rel=\"noopener\">GRUPO OAT<\/a><\/strong><\/li>\n<li><a href=\"https:\/\/fainweb.uncoma.edu.ar\/index.php\/laboratorio-de-arcillas\/\"><strong>LABORATORIO DE ARCILLAS<\/strong><\/a><\/li>\n<li><a href=\"https:\/\/fainweb.uncoma.edu.ar\/index.php\/laboratorio-de-bioprocesos\/\"><strong>LABORATORIO DE BIOPROCESOS<\/strong><\/a><\/li>\n<li><a href=\"https:\/\/fainweb.uncoma.edu.ar\/index.php\/laboratorio-de-cromatografia\/\"><strong>LABORATORIO DE CROMATOGRAF\u00cdA<\/strong><\/a><\/li>\n<li><a href=\"https:\/\/fainweb.uncoma.edu.ar\/index.php\/laboratorio-de-fisicoquimica\/\"><strong>LABORATORIO DE F\u00cdSICOQU\u00cdMICA<\/strong><\/a><\/li>\n<li><a href=\"https:\/\/fainweb.uncoma.edu.ar\/index.php\/laboratorio-de-ingenieria-optica\/\"><strong>LABORATORIO DE INGENIER\u00cdA \u00d3PTICA<\/strong><\/a><\/li>\n<li><a href=\"https:\/\/fainweb.uncoma.edu.ar\/index.php\/laboratorio-de-maquinas-hidraulicas\/\"><strong>LABORATORIO DE M\u00c1QUINAS HIDR\u00c1ULICAS<\/strong><\/a><\/li>\n<li><a href=\"https:\/\/fainweb.uncoma.edu.ar\/index.php\/laboratorio-de-metalografia-y-soldadura\/\"><strong>LABORATORIO DE METALOGRAF\u00cdA Y SOLDADURA<\/strong><\/a><\/li>\n<li><a href=\"https:\/\/fainweb.uncoma.edu.ar\/index.php\/laboratorio-de-sistemas-digitales-inteligentes\/\"><strong>LABORATORIO DE SISTEMAS DIGITALES INTELIGENTES<\/strong><\/a><\/li>\n<li><a href=\"https:\/\/fainweb.uncoma.edu.ar\/index.php\/petroleo-y-quimica-del-comahue\/\"><strong>PETR\u00d3LEO Y QU\u00cdMICA DEL COMAHUE<\/strong><\/a><\/li>\n<li><a href=\"https:\/\/fainweb.uncoma.edu.ar\/index.php\/proyecto-dino\/\"><strong>PROYECTO DINO<\/strong><\/a><\/li>\n<\/ul>\n","protected":false},"excerpt":{"rendered":"<p>&nbsp; Los Grupos \/ Laboratorios ejecutores de Actividades de Transferencia  [&#8230;]<\/p>\n","protected":false},"author":12,"featured_media":0,"parent":0,"menu_order":0,"comment_status":"closed","ping_status":"closed","template":"","meta":{"_acf_changed":false,"footnotes":""},"class_list":["post-3420","page","type-page","status-publish","hentry"],"acf":[],"_links":{"self":[{"href":"https:\/\/fainweb.uncoma.edu.ar\/index.php\/wp-json\/wp\/v2\/pages\/3420","targetHints":{"allow":["GET"]}}],"collection":[{"href":"https:\/\/fainweb.uncoma.edu.ar\/index.php\/wp-json\/wp\/v2\/pages"}],"about":[{"href":"https:\/\/fainweb.uncoma.edu.ar\/index.php\/wp-json\/wp\/v2\/types\/page"}],"author":[{"embeddable":true,"href":"https:\/\/fainweb.uncoma.edu.ar\/index.php\/wp-json\/wp\/v2\/users\/12"}],"replies":[{"embeddable":true,"href":"https:\/\/fainweb.uncoma.edu.ar\/index.php\/wp-json\/wp\/v2\/comments?post=3420"}],"version-history":[{"count":37,"href":"https:\/\/fainweb.uncoma.edu.ar\/index.php\/wp-json\/wp\/v2\/pages\/3420\/revisions"}],"predecessor-version":[{"id":4257,"href":"https:\/\/fainweb.uncoma.edu.ar\/index.php\/wp-json\/wp\/v2\/pages\/3420\/revisions\/4257"}],"wp:attachment":[{"href":"https:\/\/fainweb.uncoma.edu.ar\/index.php\/wp-json\/wp\/v2\/media?parent=3420"}],"curies":[{"name":"wp","href":"https:\/\/api.w.org\/{rel}","templated":true}]}}