{"id":105,"date":"2020-08-28T13:39:26","date_gmt":"2020-08-28T16:39:26","guid":{"rendered":"http:\/\/170.210.81.163\/fain\/?page_id=105"},"modified":"2023-05-30T10:24:45","modified_gmt":"2023-05-30T13:24:45","slug":"vinculacion-tecnologica","status":"publish","type":"page","link":"https:\/\/fainweb.uncoma.edu.ar\/index.php\/vinculacion-tecnologica\/","title":{"rendered":"Transferencia y Vinculaci\u00f3n Tecnol\u00f3gica"},"content":{"rendered":"<div class=\"fusion-fullwidth fullwidth-box fusion-builder-row-1 fusion-flex-container nonhundred-percent-fullwidth non-hundred-percent-height-scrolling\" style=\"--awb-border-radius-top-left:0px;--awb-border-radius-top-right:0px;--awb-border-radius-bottom-right:0px;--awb-border-radius-bottom-left:0px;--awb-flex-wrap:wrap;\" ><div class=\"fusion-builder-row fusion-row fusion-flex-align-items-flex-start fusion-flex-content-wrap\" style=\"max-width:1248px;margin-left: calc(-4% \/ 2 );margin-right: calc(-4% \/ 2 );\"><div class=\"fusion-layout-column fusion_builder_column fusion-builder-column-0 fusion_builder_column_1_1 1_1 fusion-flex-column\" style=\"--awb-bg-blend:overlay;--awb-bg-size:cover;--awb-width-large:100%;--awb-margin-top-large:0px;--awb-spacing-right-large:1.92%;--awb-margin-bottom-large:0px;--awb-spacing-left-large:1.92%;--awb-width-medium:100%;--awb-spacing-right-medium:1.92%;--awb-spacing-left-medium:1.92%;--awb-width-small:100%;--awb-spacing-right-small:1.92%;--awb-spacing-left-small:1.92%;\"><div class=\"fusion-column-wrapper fusion-flex-justify-content-flex-start fusion-content-layout-column\"><div class=\"fusion-text fusion-text-1\" style=\"--awb-text-transform:none;\"><div class=\"about\">\n<p style=\"text-align: left;\"><span style=\"font-size: 14pt;\"><strong><span style=\"font-family: helvetica, arial, sans-serif;\">\u00a0<\/span><\/strong><\/span><\/p>\n<p style=\"text-align: left;\"><span style=\"font-size: 14pt;\"><strong><span style=\"font-family: helvetica, arial, sans-serif;\">ACTIVIDADES DE TRANSFERENCIA<\/span><\/strong><\/span><\/p>\n<p><span style=\"font-family: helvetica, arial, sans-serif;\">Desde la Facultad de Ingenier\u00eda promovemos fuertemente la vinculaci\u00f3n y el extensionismo industrial como uno de los medios para construir referencia tanto en el \u00e1mbito cient\u00edfico tecnol\u00f3gico y productivo como en la acci\u00f3n hacia la comunidad. <\/span><\/p>\n<p style=\"text-align: left;\"><span style=\"font-family: helvetica, arial, sans-serif;\">Buscamos potenciar la vinculaci\u00f3n tecnol\u00f3gica, articulando y facilitando la interacci\u00f3n del sector productor de bienes y servicios con los diferentes espacios internos de nuestra Facultad para la promoci\u00f3n de proyectos que fomenten la innovaci\u00f3n tecnol\u00f3gica, investigaci\u00f3n y desarrollo y la asistencia t\u00e9cnica. <\/span><\/p>\n<p><span style=\"font-family: helvetica, arial, sans-serif;\">La Facultad de Ingenier\u00eda realiza actividades de transferencia y servicios tecnol\u00f3gicos a trav\u00e9s de sus Grupos o Laboratorios Ejecutores. <\/span><span style=\"font-family: helvetica, arial, sans-serif;\">Los grupos distintos disponen de su oferta permanente y tambi\u00e9n pueden desarrollar servicios especiales.<\/span><\/p>\n<p><span style=\"font-family: helvetica, arial, sans-serif;\">Las tipos de actividades que desarrollan pueden ser:<\/span><\/p>\n<p style=\"padding-left: 80px; text-align: justify;\"><span style=\"font-family: helvetica, arial, sans-serif;\"><strong>Servicios Anal\u00edticos Especializados:<\/strong> Ensayos, an\u00e1lisis, mediciones, determinaci\u00f3n de caracter\u00edsticas y propiedades, calibraciones y\/o contrastes u otros procedimientos anal\u00edticos. Pudiendo ser:<\/span><\/p>\n<p style=\"padding-left: 80px; text-align: justify;\"><span style=\"font-family: helvetica, arial, sans-serif;\"><strong>Sistematizados.<\/strong> Servicios que dependen de la utilizaci\u00f3n de instrumental espec\u00edfico y de la aplicaci\u00f3n de protocolos y\/o normas de referencia, cuyos resultados requieren de interpretaci\u00f3n t\u00e9cnica.<\/span><\/p>\n<p style=\"padding-left: 80px; text-align: justify;\"><span style=\"font-family: helvetica, arial, sans-serif;\"><strong>No Sistematizados.<\/strong> Servicios que dependen de la utilizaci\u00f3n de instrumental espec\u00edfico para los que no hay protocolos establecidos y\/o normas y deben desarrollarse metodolog\u00edas ad hoc validadas para su implementaci\u00f3n e interpretaci\u00f3n de resultados.<\/span><\/p>\n<p style=\"padding-left: 80px; text-align: justify;\"><span style=\"font-family: helvetica, arial, sans-serif;\"><strong>Asistencia T\u00e9cnica:<\/strong> Asesor\u00eda t\u00e9cnica, consultor\u00eda, diagn\u00f3sticos y relevamientos, informes t\u00e9cnicos y\/o peritajes. Comprende a las actividades a demanda de terceros que pueden cumplimentarse sobre la base de las capacidades, especializaci\u00f3n t\u00e9cnico-cient\u00edfica y experiencia de los\/as profesionales que las realizan.<\/span><\/p>\n<p style=\"padding-left: 80px; text-align: justify;\"><span style=\"font-family: helvetica, arial, sans-serif;\"><strong>Formaci\u00f3n y Capacitaci\u00f3n:<\/strong> Propuestas de capacitaci\u00f3n t\u00e9cnica no curriculares en tem\u00e1ticas espec\u00edficas, del campo disciplinario del grupo, destinada a terceros bajo modalidad in Company y\/o abiertas a destinatarios espec\u00edficos.<\/span><\/p>\n<p style=\"padding-left: 80px; text-align: justify;\"><span style=\"font-family: helvetica, arial, sans-serif;\"><strong>Gesti\u00f3n Tecnol\u00f3gica:<\/strong> Contempla la asistencia para la organizaci\u00f3n, formulaci\u00f3n y gesti\u00f3n de proyectos relacionados con la innovaci\u00f3n, incorporaci\u00f3n y\/o transferencia de tecnolog\u00eda. Complementariamente acompa\u00f1a la difusi\u00f3n, comercializaci\u00f3n y protecci\u00f3n de la propiedad intelectual de productos y procesos tecnol\u00f3gicos y la vinculaci\u00f3n con otras instituciones del sistema.<\/span><\/p>\n<p style=\"padding-left: 80px; text-align: justify;\"><span style=\"font-family: helvetica, arial, sans-serif;\"><strong>Investigaci\u00f3n y Desarrollo:<\/strong> Actividades a demanda espec\u00edfica de una (o varias) organizaciones, con el fin de generar nuevos conocimientos o realizar adaptaciones tecnol\u00f3gicas. Pueden encuadrarse bajo \u00e9sta figura los estudios sistem\u00e1ticos, dise\u00f1os y\/o construcci\u00f3n de prototipos; los estudios sobre usos de materiales y\/o nuevos procedimientos; el desarrollo de procesos industriales y de productos.<\/span><\/p>\n<p style=\"padding-left: 80px; text-align: justify;\"><span style=\"font-family: helvetica, arial, sans-serif;\"><strong>Transferencia tecnol\u00f3gica o de \u201cknow how\u201d: <\/strong>encuadra a desarrollos\/s producido\/s por cuenta y riesgo de la Facultad de Ingenier\u00eda y\/o de la Universidad (nuevo conocimiento, adaptaci\u00f3n tecnol\u00f3gica, incorporaci\u00f3n de tecnolog\u00eda y\/o conocimientos a un producto o proceso, etc.) y que, mediante acuerdos espec\u00edficos, cede a favor de un tercero (empresas, organizaciones, etc.) la explotaci\u00f3n comercial y\/o uso del mismo durante un per\u00edodo determinado, en un territorio definido.<\/span><\/p>\n<\/div>\n<p><span style=\"font-family: helvetica, arial, sans-serif;\">Si desde tu organizaci\u00f3n quer\u00e9s iniciar un convenio de colaboraci\u00f3n con la Facultad de ingenier\u00eda, conocer y\/o solicitar pasantes, vincularte con especialistas para abordar necesidades y\/o problem\u00e1ticas de tu organizaci\u00f3n y\/o participar de proyectos de innovaci\u00f3n tecnol\u00f3gica, comunicate con nosotros.<\/span><\/p>\n<p style=\"text-align: center;\"><span style=\"color: #000e42; font-family: helvetica, arial, sans-serif;\"><span style=\"font-size: 14pt;\"><strong>secretaria.extension@fain.uncoma.edu.ar<\/strong><\/span><\/span><\/p>\n<\/div><\/div><\/div><\/div><\/div>\n","protected":false},"excerpt":{"rendered":"","protected":false},"author":1,"featured_media":2287,"parent":0,"menu_order":0,"comment_status":"closed","ping_status":"closed","template":"","meta":{"_acf_changed":false,"footnotes":""},"class_list":["post-105","page","type-page","status-publish","has-post-thumbnail","hentry"],"acf":[],"_links":{"self":[{"href":"https:\/\/fainweb.uncoma.edu.ar\/index.php\/wp-json\/wp\/v2\/pages\/105","targetHints":{"allow":["GET"]}}],"collection":[{"href":"https:\/\/fainweb.uncoma.edu.ar\/index.php\/wp-json\/wp\/v2\/pages"}],"about":[{"href":"https:\/\/fainweb.uncoma.edu.ar\/index.php\/wp-json\/wp\/v2\/types\/page"}],"author":[{"embeddable":true,"href":"https:\/\/fainweb.uncoma.edu.ar\/index.php\/wp-json\/wp\/v2\/users\/1"}],"replies":[{"embeddable":true,"href":"https:\/\/fainweb.uncoma.edu.ar\/index.php\/wp-json\/wp\/v2\/comments?post=105"}],"version-history":[{"count":31,"href":"https:\/\/fainweb.uncoma.edu.ar\/index.php\/wp-json\/wp\/v2\/pages\/105\/revisions"}],"predecessor-version":[{"id":3382,"href":"https:\/\/fainweb.uncoma.edu.ar\/index.php\/wp-json\/wp\/v2\/pages\/105\/revisions\/3382"}],"wp:featuredmedia":[{"embeddable":true,"href":"https:\/\/fainweb.uncoma.edu.ar\/index.php\/wp-json\/wp\/v2\/media\/2287"}],"wp:attachment":[{"href":"https:\/\/fainweb.uncoma.edu.ar\/index.php\/wp-json\/wp\/v2\/media?parent=105"}],"curies":[{"name":"wp","href":"https:\/\/api.w.org\/{rel}","templated":true}]}}