{"id":103,"date":"2020-08-28T13:39:08","date_gmt":"2020-08-28T16:39:08","guid":{"rendered":"http:\/\/170.210.81.163\/fain\/?page_id=103"},"modified":"2025-04-03T09:48:29","modified_gmt":"2025-04-03T12:48:29","slug":"personasgraduadas","status":"publish","type":"page","link":"https:\/\/fainweb.uncoma.edu.ar\/index.php\/personasgraduadas\/","title":{"rendered":"Personas Graduadas"},"content":{"rendered":"<div class=\"fusion-fullwidth fullwidth-box fusion-builder-row-1 fusion-flex-container nonhundred-percent-fullwidth non-hundred-percent-height-scrolling\" style=\"--awb-border-radius-top-left:0px;--awb-border-radius-top-right:0px;--awb-border-radius-bottom-right:0px;--awb-border-radius-bottom-left:0px;--awb-padding-top:8%;--awb-padding-bottom:8%;--awb-background-color:#906228;--awb-flex-wrap:wrap;\" ><div class=\"fusion-builder-row fusion-row fusion-flex-align-items-flex-start fusion-flex-justify-content-space-around fusion-flex-content-wrap\" style=\"max-width:1248px;margin-left: calc(-4% \/ 2 );margin-right: calc(-4% \/ 2 );\"><div class=\"fusion-layout-column fusion_builder_column fusion-builder-column-0 fusion_builder_column_1_1 1_1 fusion-flex-column\" style=\"--awb-bg-size:cover;--awb-width-large:100%;--awb-margin-top-large:0px;--awb-spacing-right-large:0px;--awb-margin-bottom-large:20px;--awb-spacing-left-large:0px;--awb-width-medium:100%;--awb-order-medium:0;--awb-spacing-right-medium:0px;--awb-spacing-left-medium:0px;--awb-width-small:100%;--awb-order-small:0;--awb-spacing-right-small:1.92%;--awb-spacing-left-small:1.92%;\"><div class=\"fusion-column-wrapper fusion-column-has-shadow fusion-flex-justify-content-flex-start fusion-content-layout-column\"><div class=\"fusion-text fusion-text-1 text-white\" style=\"--awb-content-alignment:center;--awb-text-transform:none;\"><p><span style=\"font-family: helvetica, arial, sans-serif; font-size: 14pt;\"><strong>Bienvenidas\/os al Observatorio de Personas Graduadas<\/strong><\/span><\/p>\n<p style=\"text-align: left;\"><span style=\"font-family: helvetica, arial, sans-serif;\">Este espacio institucional de la Facultad busca coordinar la vinculaci\u00f3n con sus profesionales, dando un mayor <\/span><span style=\"font-family: helvetica, arial, sans-serif;\">impulso a las pol\u00edticas de\u00a0 comunicaci\u00f3n en los diferentes \u00e1mbitos, tanto acad\u00e9mico-tecnol\u00f3gicos como sociales y <\/span><span style=\"font-family: helvetica, arial, sans-serif;\">profesionales. Hace unos a\u00f1os comenzamos a construir este espacio con y para ustedes.<\/span><\/p>\n<p style=\"text-align: left;\"><span style=\"font-family: helvetica, arial, sans-serif;\">Queremos que vuelvan, escucharlos y que sean parte activa de la Facultad. Este es un espacio de trabajo, de <\/span><span style=\"font-family: helvetica, arial, sans-serif;\">colaboraci\u00f3n y de b\u00fasqueda de nuevas iniciativas en las que las personas graduadas de nuestra facultad se sientan <\/span><span style=\"font-family: helvetica, arial, sans-serif;\">integradas a la comunidad acad\u00e9mica desde su nuevo rol en la sociedad.<\/span><\/p>\n<p style=\"text-align: left;\"><span style=\"font-family: helvetica, arial, sans-serif;\">Les invitamos a ver nuestras secciones, como por ejemplo las de \u201cActividades\u201d, \u201cResoluciones\u201d, e \u201cInformes de <\/span><span style=\"font-family: helvetica, arial, sans-serif;\">Gesti\u00f3n\u201d para que puedan conocer m\u00e1s del trabajo que se viene realizando.<\/span><\/p>\n<p style=\"text-align: left;\"><span style=\"font-family: helvetica, arial, sans-serif;\">Queremos pensar de forma conjunta y colaborativa en qu\u00e9 propuestas podemos trabajar codo a codo para generar <\/span><span style=\"font-family: helvetica, arial, sans-serif;\">m\u00e1s y mejores iniciativas en el \u00e1mbito acad\u00e9mico, de la ingenier\u00eda, la innovaci\u00f3n, y la soberan\u00eda tecnol\u00f3gica para <\/span><span style=\"font-family: helvetica, arial, sans-serif;\">nuestra regi\u00f3n.<\/span><\/p>\n<p style=\"text-align: left;\"><span style=\"font-family: helvetica, arial, sans-serif;\">Les dejamos un cordial saludo y los invitamos a ser parte activa de este espacio.<\/span><\/p>\n<p style=\"text-align: center;\"><span style=\"font-family: helvetica, arial, sans-serif;\">Ing. Hern\u00e1n Dellamaggiora<\/span><br \/>\n<span style=\"font-family: helvetica, arial, sans-serif;\">Coordinador del Observatorio de Personas graduadas FAIN<\/span><\/p>\n<\/div><\/div><\/div><\/div><\/div>\n","protected":false},"excerpt":{"rendered":"","protected":false},"author":1,"featured_media":0,"parent":0,"menu_order":0,"comment_status":"closed","ping_status":"closed","template":"100-width.php","meta":{"_acf_changed":false,"footnotes":""},"class_list":["post-103","page","type-page","status-publish","hentry"],"acf":[],"_links":{"self":[{"href":"https:\/\/fainweb.uncoma.edu.ar\/index.php\/wp-json\/wp\/v2\/pages\/103","targetHints":{"allow":["GET"]}}],"collection":[{"href":"https:\/\/fainweb.uncoma.edu.ar\/index.php\/wp-json\/wp\/v2\/pages"}],"about":[{"href":"https:\/\/fainweb.uncoma.edu.ar\/index.php\/wp-json\/wp\/v2\/types\/page"}],"author":[{"embeddable":true,"href":"https:\/\/fainweb.uncoma.edu.ar\/index.php\/wp-json\/wp\/v2\/users\/1"}],"replies":[{"embeddable":true,"href":"https:\/\/fainweb.uncoma.edu.ar\/index.php\/wp-json\/wp\/v2\/comments?post=103"}],"version-history":[{"count":14,"href":"https:\/\/fainweb.uncoma.edu.ar\/index.php\/wp-json\/wp\/v2\/pages\/103\/revisions"}],"predecessor-version":[{"id":4447,"href":"https:\/\/fainweb.uncoma.edu.ar\/index.php\/wp-json\/wp\/v2\/pages\/103\/revisions\/4447"}],"wp:attachment":[{"href":"https:\/\/fainweb.uncoma.edu.ar\/index.php\/wp-json\/wp\/v2\/media?parent=103"}],"curies":[{"name":"wp","href":"https:\/\/api.w.org\/{rel}","templated":true}]}}